{"id":1414,"date":"2023-06-19T16:05:39","date_gmt":"2023-06-19T15:05:39","guid":{"rendered":"https:\/\/www.baumgarten-spain.com\/?page_id=1414"},"modified":"2024-07-30T08:38:51","modified_gmt":"2024-07-30T07:38:51","slug":"kontaktinformationen","status":"publish","type":"page","link":"https:\/\/www.baumgarten-spain.com\/de\/kontaktinformationen\/","title":{"rendered":"Kontakt"},"content":{"rendered":"\n<div style=\"height:35px\" aria-hidden=\"true\" class=\"wp-block-spacer\"><\/div>\n\n\n\n<div class=\"wp-block-columns is-layout-flex wp-container-core-columns-is-layout-9d6595d7 wp-block-columns-is-layout-flex\">\n<div class=\"wp-block-column is-layout-flow wp-block-column-is-layout-flow\">\n<div class=\"wpcf7 no-js\" id=\"wpcf7-f1241-o1\" lang=\"es-ES\" dir=\"ltr\" data-wpcf7-id=\"1241\">\n<div class=\"screen-reader-response\"><p role=\"status\" aria-live=\"polite\" aria-atomic=\"true\"><\/p> <ul><\/ul><\/div>\n<form action=\"\/de\/wp-json\/wp\/v2\/pages\/1414#wpcf7-f1241-o1\" method=\"post\" class=\"wpcf7-form init\" aria-label=\"Formulario de contacto\" novalidate=\"novalidate\" data-status=\"init\">\n<fieldset class=\"hidden-fields-container\"><input type=\"hidden\" name=\"_wpcf7\" value=\"1241\" \/><input type=\"hidden\" name=\"_wpcf7_version\" value=\"6.1.5\" \/><input type=\"hidden\" name=\"_wpcf7_locale\" value=\"es_ES\" \/><input type=\"hidden\" name=\"_wpcf7_unit_tag\" value=\"wpcf7-f1241-o1\" \/><input type=\"hidden\" name=\"_wpcf7_container_post\" value=\"0\" \/><input type=\"hidden\" name=\"_wpcf7_posted_data_hash\" value=\"\" \/><input type=\"hidden\" name=\"_extcf7_conditional_options\" value=\"{&quot;form_id&quot;:1241,&quot;conditions&quot;:[]}\" \/><input type=\"hidden\" name=\"_extcf7_redirect_options\" value=\"{&quot;form_id&quot;:1241,&quot;redirect_options&quot;:{&quot;redirection_enable&quot;:&quot;on&quot;,&quot;custom_url_enable&quot;:&quot;off&quot;,&quot;redirect_page&quot;:&quot;https:\\\/\\\/www.baumgarten-spain.com\\\/de\\\/danke\\\/&quot;,&quot;custom_urle&quot;:&quot;&quot;,&quot;redirect_new_tab&quot;:&quot;off&quot;,&quot;js_action&quot;:&quot;off&quot;,&quot;javascript_code&quot;:&quot;&quot;}}\" \/><input type=\"hidden\" name=\"_wpcf7_recaptcha_response\" value=\"\" \/>\n<\/fieldset>\n<p><label> Dein Name<br \/>\n<span class=\"wpcf7-form-control-wrap\" data-name=\"your-name\"><input size=\"40\" maxlength=\"400\" class=\"wpcf7-form-control wpcf7-text wpcf7-validates-as-required\" autocomplete=\"name\" aria-required=\"true\" aria-invalid=\"false\" value=\"\" type=\"text\" name=\"your-name\" \/><\/span> <\/label>\n<\/p>\n<p><label> Deine E-Mail<br \/>\n<span class=\"wpcf7-form-control-wrap\" data-name=\"your-email\"><input size=\"40\" maxlength=\"400\" class=\"wpcf7-form-control wpcf7-email wpcf7-validates-as-required wpcf7-text wpcf7-validates-as-email\" autocomplete=\"email\" aria-required=\"true\" aria-invalid=\"false\" value=\"\" type=\"email\" name=\"your-email\" \/><\/span> <\/label>\n<\/p>\n<p><label> Betreff<br \/>\n<span class=\"wpcf7-form-control-wrap\" data-name=\"your-subject\"><input size=\"40\" maxlength=\"400\" class=\"wpcf7-form-control wpcf7-text wpcf7-validates-as-required\" aria-required=\"true\" aria-invalid=\"false\" value=\"\" type=\"text\" name=\"your-subject\" \/><\/span> <\/label>\n<\/p>\n<p><label> Deine Nachricht (optional)<br \/>\n<span class=\"wpcf7-form-control-wrap\" data-name=\"your-message\"><textarea cols=\"40\" rows=\"10\" maxlength=\"2000\" class=\"wpcf7-form-control wpcf7-textarea\" aria-invalid=\"false\" name=\"your-message\"><\/textarea><\/span> <\/label>\n<\/p>\n<p><span class=\"wpcf7-form-control-wrap\" data-name=\"acceptance-259\"><span class=\"wpcf7-form-control wpcf7-acceptance\"><span class=\"wpcf7-list-item\"><input type=\"checkbox\" name=\"acceptance-259\" value=\"1\" aria-invalid=\"false\" \/><\/span><\/span><\/span> Ich akzeptiere die Nutzungsbedingungen und<a href=\"https:\/\/www.baumgarten-spain.com\/de\/politica-de-privacidad\/\" target=\"blank\" rel=\"noopener noreferrer\"> die Datenschutzrichtlinien<\/a>.\n<\/p>\n<p><input class=\"wpcf7-form-control wpcf7-submit has-spinner\" type=\"submit\" value=\"Absenden\" \/>\n<\/p><input type='hidden' class='wpcf7-pum' value='{\"closepopup\":false,\"closedelay\":0,\"openpopup\":false,\"openpopup_id\":0}' \/><div class=\"wpcf7-response-output\" aria-hidden=\"true\"><\/div>\n<\/form>\n<\/div>\n\n<\/div>\n\n\n\n<div class=\"wp-block-column is-layout-flow wp-block-column-is-layout-flow\">\n<h3 class=\"wp-block-heading\">Kontaktinformationen<\/h3>\n\n\n\n<p>Tel: +34 93 784 71 81 <\/p>\n\n\n\n<p>Tel: +34 93 013 68 35 <\/p>\n\n\n\n<p>Fax: +34 93 784 87 33 <\/p>\n\n\n\n<p>E-Mail: <a href=\"mailto:maribel@baumgarten-spain.com\">maribel@baumgarten-spain.com<\/a><\/p>\n<\/div>\n<\/div>\n","protected":false},"excerpt":{"rendered":"<p>Kontaktinformationen Tel: +34 93 784 71 81 Tel: +34 93 013 68 35 Fax: +34 93 784 87 33 E-Mail: maribel@baumgarten-spain.com<\/p>\n","protected":false},"author":3,"featured_media":0,"parent":0,"menu_order":0,"comment_status":"closed","ping_status":"closed","template":"","meta":{"_monsterinsights_skip_tracking":false,"_monsterinsights_sitenote_active":false,"_monsterinsights_sitenote_note":"","_monsterinsights_sitenote_category":0,"_joinchat":[],"footnotes":""},"class_list":["post-1414","page","type-page","status-publish","hentry"],"yoast_head":"<!-- This site is optimized with the Yoast SEO plugin v27.4 - https:\/\/yoast.com\/product\/yoast-seo-wordpress\/ -->\n<title>Kontakt &#8211; Baumgarten Espa\u00f1a<\/title>\n<meta name=\"description\" content=\"Kontaktieren Sie Baumgarten Spain \u00fcber unsere Kontaktseite. Unser Team steht Ihnen f\u00fcr Anfragen und Unterst\u00fctzung jederzeit zur Verf\u00fcgung.\" \/>\n<meta name=\"robots\" content=\"index, follow, max-snippet:-1, max-image-preview:large, max-video-preview:-1\" \/>\n<link rel=\"canonical\" href=\"https:\/\/www.baumgarten-spain.com\/de\/kontaktinformationen\/\" \/>\n<meta property=\"og:locale\" content=\"de_DE\" \/>\n<meta property=\"og:type\" content=\"article\" \/>\n<meta property=\"og:title\" content=\"Kontakt &#8211; Baumgarten Espa\u00f1a\" \/>\n<meta property=\"og:description\" content=\"Kontaktieren Sie Baumgarten Spain \u00fcber unsere Kontaktseite. Unser Team steht Ihnen f\u00fcr Anfragen und Unterst\u00fctzung jederzeit zur Verf\u00fcgung.\" \/>\n<meta property=\"og:url\" content=\"https:\/\/www.baumgarten-spain.com\/de\/kontaktinformationen\/\" \/>\n<meta property=\"og:site_name\" content=\"Baumgarten Espa\u00f1a\" \/>\n<meta property=\"article:modified_time\" content=\"2024-07-30T07:38:51+00:00\" \/>\n<meta name=\"twitter:card\" content=\"summary_large_image\" \/>\n<meta name=\"twitter:label1\" content=\"Gesch\u00e4tzte Lesezeit\" \/>\n\t<meta name=\"twitter:data1\" content=\"1\u00a0Minute\" \/>\n<!-- \/ Yoast SEO plugin. -->","yoast_head_json":{"title":"Kontakt &#8211; Baumgarten Espa\u00f1a","description":"Kontaktieren Sie Baumgarten Spain \u00fcber unsere Kontaktseite. Unser Team steht Ihnen f\u00fcr Anfragen und Unterst\u00fctzung jederzeit zur Verf\u00fcgung.","robots":{"index":"index","follow":"follow","max-snippet":"max-snippet:-1","max-image-preview":"max-image-preview:large","max-video-preview":"max-video-preview:-1"},"canonical":"https:\/\/www.baumgarten-spain.com\/de\/kontaktinformationen\/","og_locale":"de_DE","og_type":"article","og_title":"Kontakt &#8211; Baumgarten Espa\u00f1a","og_description":"Kontaktieren Sie Baumgarten Spain \u00fcber unsere Kontaktseite. Unser Team steht Ihnen f\u00fcr Anfragen und Unterst\u00fctzung jederzeit zur Verf\u00fcgung.","og_url":"https:\/\/www.baumgarten-spain.com\/de\/kontaktinformationen\/","og_site_name":"Baumgarten Espa\u00f1a","article_modified_time":"2024-07-30T07:38:51+00:00","twitter_card":"summary_large_image","twitter_misc":{"Gesch\u00e4tzte Lesezeit":"1\u00a0Minute"},"schema":{"@context":"https:\/\/schema.org","@graph":[{"@type":"WebPage","@id":"https:\/\/www.baumgarten-spain.com\/de\/kontaktinformationen\/","url":"https:\/\/www.baumgarten-spain.com\/de\/kontaktinformationen\/","name":"Kontakt &#8211; Baumgarten Espa\u00f1a","isPartOf":{"@id":"https:\/\/www.baumgarten-spain.com\/#website"},"datePublished":"2023-06-19T15:05:39+00:00","dateModified":"2024-07-30T07:38:51+00:00","description":"Kontaktieren Sie Baumgarten Spain \u00fcber unsere Kontaktseite. Unser Team steht Ihnen f\u00fcr Anfragen und Unterst\u00fctzung jederzeit zur Verf\u00fcgung.","breadcrumb":{"@id":"https:\/\/www.baumgarten-spain.com\/de\/kontaktinformationen\/#breadcrumb"},"inLanguage":"de","potentialAction":[{"@type":"ReadAction","target":["https:\/\/www.baumgarten-spain.com\/de\/kontaktinformationen\/"]}]},{"@type":"BreadcrumbList","@id":"https:\/\/www.baumgarten-spain.com\/de\/kontaktinformationen\/#breadcrumb","itemListElement":[{"@type":"ListItem","position":1,"name":"Portada","item":"https:\/\/www.baumgarten-spain.com\/de\/"},{"@type":"ListItem","position":2,"name":"Kontakt"}]},{"@type":"WebSite","@id":"https:\/\/www.baumgarten-spain.com\/#website","url":"https:\/\/www.baumgarten-spain.com\/","name":"Baumgarten Espa\u00f1a","description":"","publisher":{"@id":"https:\/\/www.baumgarten-spain.com\/#organization"},"potentialAction":[{"@type":"SearchAction","target":{"@type":"EntryPoint","urlTemplate":"https:\/\/www.baumgarten-spain.com\/?s={search_term_string}"},"query-input":{"@type":"PropertyValueSpecification","valueRequired":true,"valueName":"search_term_string"}}],"inLanguage":"de"},{"@type":"Organization","@id":"https:\/\/www.baumgarten-spain.com\/#organization","name":"Baumgarten Espa\u00f1a SL","url":"https:\/\/www.baumgarten-spain.com\/","logo":{"@type":"ImageObject","inLanguage":"de","@id":"https:\/\/www.baumgarten-spain.com\/#\/schema\/logo\/image\/","url":"https:\/\/www.baumgarten-spain.com\/wp-content\/uploads\/2023\/03\/logo.png","contentUrl":"https:\/\/www.baumgarten-spain.com\/wp-content\/uploads\/2023\/03\/logo.png","width":23,"height":32,"caption":"Baumgarten Espa\u00f1a SL"},"image":{"@id":"https:\/\/www.baumgarten-spain.com\/#\/schema\/logo\/image\/"}}]}},"_links":{"self":[{"href":"https:\/\/www.baumgarten-spain.com\/de\/wp-json\/wp\/v2\/pages\/1414","targetHints":{"allow":["GET"]}}],"collection":[{"href":"https:\/\/www.baumgarten-spain.com\/de\/wp-json\/wp\/v2\/pages"}],"about":[{"href":"https:\/\/www.baumgarten-spain.com\/de\/wp-json\/wp\/v2\/types\/page"}],"author":[{"embeddable":true,"href":"https:\/\/www.baumgarten-spain.com\/de\/wp-json\/wp\/v2\/users\/3"}],"replies":[{"embeddable":true,"href":"https:\/\/www.baumgarten-spain.com\/de\/wp-json\/wp\/v2\/comments?post=1414"}],"version-history":[{"count":1,"href":"https:\/\/www.baumgarten-spain.com\/de\/wp-json\/wp\/v2\/pages\/1414\/revisions"}],"predecessor-version":[{"id":1415,"href":"https:\/\/www.baumgarten-spain.com\/de\/wp-json\/wp\/v2\/pages\/1414\/revisions\/1415"}],"wp:attachment":[{"href":"https:\/\/www.baumgarten-spain.com\/de\/wp-json\/wp\/v2\/media?parent=1414"}],"curies":[{"name":"wp","href":"https:\/\/api.w.org\/{rel}","templated":true}]}}