{"id":1360,"date":"2023-06-01T08:51:52","date_gmt":"2023-06-01T07:51:52","guid":{"rendered":"https:\/\/www.baumgarten-spain.com\/kunststoffecken-fuer-umreifung\/"},"modified":"2025-03-18T09:23:00","modified_gmt":"2025-03-18T08:23:00","slug":"kunststoffecken-fuer-umreifung","status":"publish","type":"page","link":"https:\/\/www.baumgarten-spain.com\/de\/kunststoffecken-fuer-umreifung\/","title":{"rendered":"Kunststoffecken f\u00fcr Umreifung: Kantenschutzecke &amp; Kantenschutzecken aus Kunststoff"},"content":{"rendered":"\n<p>Die <strong>Kunststoffecken<\/strong> erm\u00f6glichen durch die Umreifung den Schutz der Waren, die sich im Inneren der Kartons befinden.<\/p>\n\n\n\n<p>Mit ihnen werden Verformungen in der Verpackung vermieden.<\/p>\n\n\n\n<p>Durch die Verwendung von Umreifungsecken wird neben dem Produktschutz auch daf\u00fcr gesorgt, dass die Palette durch die Umreifung besser ausbalanciert und optimal f\u00fcr die Beladung beim Transport ist.<\/p>\n\n\n\n<p>Daher ist es ideal, das fertige Produkt in Paletten mit Kartons zu sch\u00fctzen.<\/p>\n\n\n\n<p><strong>Kunststoffecken<\/strong> sind ein sehr h\u00e4ufig verwendetes und unverzichtbares Verpackungszubeh\u00f6r.<\/p>\n\n\n\n<p>Diese <strong>Kunststoffecken<\/strong> werden von allen Unternehmen verwendet, die irgendein Verpackungselement vertreiben, sowie von Umreifungsherstellern, da viele von ihnen nicht nur dem Endkunden die Umreifung liefern, sondern ihnen auch die Kunststoffecken bereitstellen.<\/p>\n\n\n\n<p>Es sind vor allem die Hersteller von Polypropylen-Umreifungen, die diese Ecken verteilen k\u00f6nnen, sowie Unternehmen, die Verpackungsl\u00f6sungen anbieten.<\/p>\n\n\n\n<p>In Baumgarten Spanien stellen wir diese Kunststoffecken mit eigenen Formen auf unseren Umformmaschinen in der Stadt Terrassa (Barcelona) her.<\/p>\n\n\n\n<div style=\"height:50px\" aria-hidden=\"true\" class=\"wp-block-spacer\"><\/div>\n\n\n\n<h2 class=\"wp-block-heading\"><strong>Unsere Kunststoffecken f\u00fcr Verpackungen<\/strong><\/h2>\n\n\n\n<div style=\"height:50px\" aria-hidden=\"true\" class=\"wp-block-spacer\"><\/div>\n\n\n\n<h3 class=\"wp-block-heading\"><strong>Eckenschutz f\u00fcr Umreifung CP20<\/strong><\/h3>\n\n\n\n<figure class=\"wp-block-image size-large\"><img fetchpriority=\"high\" decoding=\"async\" width=\"1024\" height=\"625\" src=\"https:\/\/www.baumgarten-spain.com\/wp-content\/uploads\/2023\/06\/CP20-muntatge-esquema-foto-text-1024x625.jpg\" alt=\"\" class=\"wp-image-1344\" srcset=\"https:\/\/www.baumgarten-spain.com\/wp-content\/uploads\/2023\/06\/CP20-muntatge-esquema-foto-text-1024x625.jpg 1024w, https:\/\/www.baumgarten-spain.com\/wp-content\/uploads\/2023\/06\/CP20-muntatge-esquema-foto-text-300x183.jpg 300w, https:\/\/www.baumgarten-spain.com\/wp-content\/uploads\/2023\/06\/CP20-muntatge-esquema-foto-text-768x468.jpg 768w, https:\/\/www.baumgarten-spain.com\/wp-content\/uploads\/2023\/06\/CP20-muntatge-esquema-foto-text-1536x937.jpg 1536w, https:\/\/www.baumgarten-spain.com\/wp-content\/uploads\/2023\/06\/CP20-muntatge-esquema-foto-text.jpg 1869w\" sizes=\"(max-width: 1024px) 100vw, 1024px\" \/><\/figure>\n\n\n\n<div style=\"height:40px\" aria-hidden=\"true\" class=\"wp-block-spacer\"><\/div>\n\n\n\n<h3 class=\"wp-block-heading\"><strong>Eckenschutz f\u00fcr Umreifung CP25<\/strong><\/h3>\n\n\n\n<figure class=\"wp-block-image size-large\"><img decoding=\"async\" width=\"1024\" height=\"630\" src=\"https:\/\/www.baumgarten-spain.com\/wp-content\/uploads\/2023\/06\/CP25-CON-PINCHO-muntatge-esquema-foto-text-1024x630.jpg\" alt=\"\" class=\"wp-image-1347\" srcset=\"https:\/\/www.baumgarten-spain.com\/wp-content\/uploads\/2023\/06\/CP25-CON-PINCHO-muntatge-esquema-foto-text-1024x630.jpg 1024w, https:\/\/www.baumgarten-spain.com\/wp-content\/uploads\/2023\/06\/CP25-CON-PINCHO-muntatge-esquema-foto-text-300x185.jpg 300w, https:\/\/www.baumgarten-spain.com\/wp-content\/uploads\/2023\/06\/CP25-CON-PINCHO-muntatge-esquema-foto-text-768x473.jpg 768w, https:\/\/www.baumgarten-spain.com\/wp-content\/uploads\/2023\/06\/CP25-CON-PINCHO-muntatge-esquema-foto-text-1536x945.jpg 1536w, https:\/\/www.baumgarten-spain.com\/wp-content\/uploads\/2023\/06\/CP25-CON-PINCHO-muntatge-esquema-foto-text.jpg 1940w\" sizes=\"(max-width: 1024px) 100vw, 1024px\" \/><\/figure>\n\n\n\n<div style=\"height:40px\" aria-hidden=\"true\" class=\"wp-block-spacer\"><\/div>\n\n\n\n<figure class=\"wp-block-image size-large\"><img decoding=\"async\" width=\"1024\" height=\"630\" src=\"https:\/\/www.baumgarten-spain.com\/wp-content\/uploads\/2023\/06\/CP25-muntatge-esquema-foto-text-1024x630.jpg\" alt=\"\" class=\"wp-image-1350\" srcset=\"https:\/\/www.baumgarten-spain.com\/wp-content\/uploads\/2023\/06\/CP25-muntatge-esquema-foto-text-1024x630.jpg 1024w, https:\/\/www.baumgarten-spain.com\/wp-content\/uploads\/2023\/06\/CP25-muntatge-esquema-foto-text-300x185.jpg 300w, https:\/\/www.baumgarten-spain.com\/wp-content\/uploads\/2023\/06\/CP25-muntatge-esquema-foto-text-768x473.jpg 768w, https:\/\/www.baumgarten-spain.com\/wp-content\/uploads\/2023\/06\/CP25-muntatge-esquema-foto-text-1536x945.jpg 1536w, https:\/\/www.baumgarten-spain.com\/wp-content\/uploads\/2023\/06\/CP25-muntatge-esquema-foto-text.jpg 1940w\" sizes=\"(max-width: 1024px) 100vw, 1024px\" \/><\/figure>\n\n\n\n<div style=\"height:40px\" aria-hidden=\"true\" class=\"wp-block-spacer\"><\/div>\n\n\n\n<h3 class=\"wp-block-heading\"><strong>Eckenschutz f\u00fcr Umreifung CP40<\/strong><\/h3>\n\n\n\n<figure class=\"wp-block-image size-large\"><img loading=\"lazy\" decoding=\"async\" width=\"1024\" height=\"665\" src=\"https:\/\/www.baumgarten-spain.com\/wp-content\/uploads\/2023\/06\/CP40-muntatge-esquema-foto-text-1024x665.jpg\" alt=\"\" class=\"wp-image-1353\" srcset=\"https:\/\/www.baumgarten-spain.com\/wp-content\/uploads\/2023\/06\/CP40-muntatge-esquema-foto-text-1024x665.jpg 1024w, https:\/\/www.baumgarten-spain.com\/wp-content\/uploads\/2023\/06\/CP40-muntatge-esquema-foto-text-300x195.jpg 300w, https:\/\/www.baumgarten-spain.com\/wp-content\/uploads\/2023\/06\/CP40-muntatge-esquema-foto-text-768x499.jpg 768w, https:\/\/www.baumgarten-spain.com\/wp-content\/uploads\/2023\/06\/CP40-muntatge-esquema-foto-text.jpg 1522w\" sizes=\"(max-width: 1024px) 100vw, 1024px\" \/><\/figure>\n\n\n\n<div style=\"height:100px\" aria-hidden=\"true\" class=\"wp-block-spacer\"><\/div>\n\n\n\n<h3 class=\"wp-block-heading has-text-align-center has-large-font-size\">Kontakt<\/h3>\n\n\n\n<div style=\"height:35px\" aria-hidden=\"true\" class=\"wp-block-spacer\"><\/div>\n\n\n\n<div class=\"wp-block-columns is-layout-flex wp-container-core-columns-is-layout-9d6595d7 wp-block-columns-is-layout-flex\">\n<div class=\"wp-block-column is-layout-flow wp-block-column-is-layout-flow\">\n<div class=\"wpcf7 no-js\" id=\"wpcf7-f1239-o1\" lang=\"es-ES\" dir=\"ltr\" data-wpcf7-id=\"1239\">\n<div class=\"screen-reader-response\"><p role=\"status\" aria-live=\"polite\" aria-atomic=\"true\"><\/p> <ul><\/ul><\/div>\n<form action=\"\/de\/wp-json\/wp\/v2\/pages\/1360#wpcf7-f1239-o1\" method=\"post\" class=\"wpcf7-form init\" aria-label=\"Formulario de contacto\" novalidate=\"novalidate\" data-status=\"init\">\n<fieldset class=\"hidden-fields-container\"><input type=\"hidden\" name=\"_wpcf7\" value=\"1239\" \/><input type=\"hidden\" name=\"_wpcf7_version\" value=\"6.1.5\" \/><input type=\"hidden\" name=\"_wpcf7_locale\" value=\"es_ES\" \/><input type=\"hidden\" name=\"_wpcf7_unit_tag\" value=\"wpcf7-f1239-o1\" \/><input type=\"hidden\" name=\"_wpcf7_container_post\" value=\"0\" \/><input type=\"hidden\" name=\"_wpcf7_posted_data_hash\" value=\"\" \/><input type=\"hidden\" name=\"_extcf7_conditional_options\" value=\"{&quot;form_id&quot;:1239,&quot;conditions&quot;:[]}\" \/><input type=\"hidden\" name=\"_extcf7_redirect_options\" value=\"{&quot;form_id&quot;:1239,&quot;redirect_options&quot;:{&quot;redirection_enable&quot;:&quot;on&quot;,&quot;custom_url_enable&quot;:&quot;off&quot;,&quot;redirect_page&quot;:&quot;https:\\\/\\\/www.baumgarten-spain.com\\\/gracias\\\/&quot;,&quot;custom_urle&quot;:&quot;&quot;,&quot;redirect_new_tab&quot;:&quot;off&quot;,&quot;js_action&quot;:&quot;off&quot;,&quot;javascript_code&quot;:&quot;&quot;}}\" \/><input type=\"hidden\" name=\"_wpcf7_recaptcha_response\" value=\"\" \/>\n<\/fieldset>\n<p><label> Tu nombre<br \/>\n<span class=\"wpcf7-form-control-wrap\" data-name=\"your-name\"><input size=\"40\" maxlength=\"400\" class=\"wpcf7-form-control wpcf7-text wpcf7-validates-as-required\" autocomplete=\"nombre\" aria-required=\"true\" aria-invalid=\"false\" value=\"\" type=\"text\" name=\"your-name\" \/><\/span> <\/label>\n<\/p>\n<p><label> Tu email<br \/>\n<span class=\"wpcf7-form-control-wrap\" data-name=\"your-email\"><input size=\"40\" maxlength=\"400\" class=\"wpcf7-form-control wpcf7-email wpcf7-validates-as-required wpcf7-text wpcf7-validates-as-email\" autocomplete=\"email\" aria-required=\"true\" aria-invalid=\"false\" value=\"\" type=\"email\" name=\"your-email\" \/><\/span> <\/label>\n<\/p>\n<p><label> Mensaje (optional)<br \/>\n<span class=\"wpcf7-form-control-wrap\" data-name=\"your-message\"><textarea cols=\"40\" rows=\"10\" maxlength=\"2000\" class=\"wpcf7-form-control wpcf7-textarea\" aria-invalid=\"false\" name=\"your-message\"><\/textarea><\/span> <\/label>\n<\/p>\n<p><span class=\"wpcf7-form-control-wrap\" data-name=\"acceptance-877\"><span class=\"wpcf7-form-control wpcf7-acceptance\"><span class=\"wpcf7-list-item\"><input type=\"checkbox\" name=\"acceptance-877\" value=\"1\" aria-invalid=\"false\" \/><\/span><\/span><\/span> Acepto las condiciones de uso y <a href=\"https:\/\/www.baumgarten-spain.com\/politica-de-privacidad\/\" target=\"blank\" rel=\"noopener noreferrer\">pol\u00edtica de privacidad<\/a><br \/>\n.\n<\/p>\n<p><input class=\"wpcf7-form-control wpcf7-submit has-spinner\" type=\"submit\" value=\"Enviar\" \/>\n<\/p><input type='hidden' class='wpcf7-pum' value='{\"closepopup\":false,\"closedelay\":0,\"openpopup\":false,\"openpopup_id\":0}' \/><div class=\"wpcf7-response-output\" aria-hidden=\"true\"><\/div>\n<\/form>\n<\/div>\n\n<\/div>\n\n\n\n<div class=\"wp-block-column is-layout-flow wp-block-column-is-layout-flow\">\n<h3 class=\"wp-block-heading\">Kontaktinformationen<\/h3>\n\n\n\n<p>Tel: +34 93 784 71 81 <\/p>\n\n\n\n<p>Tel: +34 93 013 68 35 <\/p>\n\n\n\n<p>Fax: +34 93 784 87 33 <\/p>\n\n\n\n<p>E-Mail: <a href=\"mailto:maribel@baumgarten-spain.com\">maribel@baumgarten-spain.com<\/a><\/p>\n<\/div>\n<\/div>\n","protected":false},"excerpt":{"rendered":"<p>Die Kunststoffecken erm\u00f6glichen durch die Umreifung den Schutz der Waren, die sich im Inneren der Kartons befinden. Mit ihnen werden Verformungen in der Verpackung vermieden. Durch die Verwendung von Umreifungsecken wird neben dem Produktschutz auch daf\u00fcr gesorgt, dass die Palette durch die Umreifung besser ausbalanciert und optimal f\u00fcr die Beladung beim Transport ist. Daher ist &hellip; <a href=\"https:\/\/www.baumgarten-spain.com\/de\/kunststoffecken-fuer-umreifung\/\">Weiterlesen<\/a><\/p>\n","protected":false},"author":3,"featured_media":1346,"parent":0,"menu_order":0,"comment_status":"closed","ping_status":"closed","template":"","meta":{"_monsterinsights_skip_tracking":false,"_monsterinsights_sitenote_active":false,"_monsterinsights_sitenote_note":"","_monsterinsights_sitenote_category":0,"_joinchat":[],"footnotes":""},"class_list":["post-1360","page","type-page","status-publish","has-post-thumbnail","hentry"],"yoast_head":"<!-- This site is optimized with the Yoast SEO plugin v27.4 - https:\/\/yoast.com\/product\/yoast-seo-wordpress\/ -->\n<title>Kunststoffecken f\u00fcr Umreifung: Kantenschutzecke &amp; Kantenschutzecken aus Kunststoff &#8211; Baumgarten Espa\u00f1a<\/title>\n<meta name=\"description\" content=\"Wir sind Hersteller von Kunststoff-Eckenschutz. Durch die Verwendung von Umreifungsb\u00e4ndern erm\u00f6glichen sie den Schutz von Waren, die sich in Kartons befinden.\" \/>\n<meta name=\"robots\" content=\"index, follow, max-snippet:-1, max-image-preview:large, max-video-preview:-1\" \/>\n<link rel=\"canonical\" href=\"https:\/\/www.baumgarten-spain.com\/de\/kunststoffecken-fuer-umreifung\/\" \/>\n<meta property=\"og:locale\" content=\"de_DE\" \/>\n<meta property=\"og:type\" content=\"article\" \/>\n<meta property=\"og:title\" content=\"Kunststoffecken f\u00fcr Umreifung: Kantenschutzecke &amp; Kantenschutzecken aus Kunststoff &#8211; Baumgarten Espa\u00f1a\" \/>\n<meta property=\"og:description\" content=\"Wir sind Hersteller von Kunststoff-Eckenschutz. Durch die Verwendung von Umreifungsb\u00e4ndern erm\u00f6glichen sie den Schutz von Waren, die sich in Kartons befinden.\" \/>\n<meta property=\"og:url\" content=\"https:\/\/www.baumgarten-spain.com\/de\/kunststoffecken-fuer-umreifung\/\" \/>\n<meta property=\"og:site_name\" content=\"Baumgarten Espa\u00f1a\" \/>\n<meta property=\"article:modified_time\" content=\"2025-03-18T08:23:00+00:00\" \/>\n<meta property=\"og:image\" content=\"https:\/\/www.baumgarten-spain.com\/wp-content\/uploads\/2023\/06\/CP20-muntatge-esquema-foto-text.jpg\" \/>\n\t<meta property=\"og:image:width\" content=\"1869\" \/>\n\t<meta property=\"og:image:height\" content=\"1140\" \/>\n\t<meta property=\"og:image:type\" content=\"image\/jpeg\" \/>\n<meta name=\"twitter:card\" content=\"summary_large_image\" \/>\n<meta name=\"twitter:label1\" content=\"Gesch\u00e4tzte Lesezeit\" \/>\n\t<meta name=\"twitter:data1\" content=\"2\u00a0Minuten\" \/>\n<!-- \/ Yoast SEO plugin. -->","yoast_head_json":{"title":"Kunststoffecken f\u00fcr Umreifung: Kantenschutzecke &amp; Kantenschutzecken aus Kunststoff &#8211; Baumgarten Espa\u00f1a","description":"Wir sind Hersteller von Kunststoff-Eckenschutz. Durch die Verwendung von Umreifungsb\u00e4ndern erm\u00f6glichen sie den Schutz von Waren, die sich in Kartons befinden.","robots":{"index":"index","follow":"follow","max-snippet":"max-snippet:-1","max-image-preview":"max-image-preview:large","max-video-preview":"max-video-preview:-1"},"canonical":"https:\/\/www.baumgarten-spain.com\/de\/kunststoffecken-fuer-umreifung\/","og_locale":"de_DE","og_type":"article","og_title":"Kunststoffecken f\u00fcr Umreifung: Kantenschutzecke &amp; Kantenschutzecken aus Kunststoff &#8211; Baumgarten Espa\u00f1a","og_description":"Wir sind Hersteller von Kunststoff-Eckenschutz. Durch die Verwendung von Umreifungsb\u00e4ndern erm\u00f6glichen sie den Schutz von Waren, die sich in Kartons befinden.","og_url":"https:\/\/www.baumgarten-spain.com\/de\/kunststoffecken-fuer-umreifung\/","og_site_name":"Baumgarten Espa\u00f1a","article_modified_time":"2025-03-18T08:23:00+00:00","og_image":[{"width":1869,"height":1140,"url":"https:\/\/www.baumgarten-spain.com\/wp-content\/uploads\/2023\/06\/CP20-muntatge-esquema-foto-text.jpg","type":"image\/jpeg"}],"twitter_card":"summary_large_image","twitter_misc":{"Gesch\u00e4tzte Lesezeit":"2\u00a0Minuten"},"schema":{"@context":"https:\/\/schema.org","@graph":[{"@type":"WebPage","@id":"https:\/\/www.baumgarten-spain.com\/de\/kunststoffecken-fuer-umreifung\/","url":"https:\/\/www.baumgarten-spain.com\/de\/kunststoffecken-fuer-umreifung\/","name":"Kunststoffecken f\u00fcr Umreifung: Kantenschutzecke &amp; Kantenschutzecken aus Kunststoff &#8211; Baumgarten Espa\u00f1a","isPartOf":{"@id":"https:\/\/www.baumgarten-spain.com\/#website"},"primaryImageOfPage":{"@id":"https:\/\/www.baumgarten-spain.com\/de\/kunststoffecken-fuer-umreifung\/#primaryimage"},"image":{"@id":"https:\/\/www.baumgarten-spain.com\/de\/kunststoffecken-fuer-umreifung\/#primaryimage"},"thumbnailUrl":"https:\/\/www.baumgarten-spain.com\/wp-content\/uploads\/2023\/06\/CP20-muntatge-esquema-foto-text.jpg","datePublished":"2023-06-01T07:51:52+00:00","dateModified":"2025-03-18T08:23:00+00:00","description":"Wir sind Hersteller von Kunststoff-Eckenschutz. Durch die Verwendung von Umreifungsb\u00e4ndern erm\u00f6glichen sie den Schutz von Waren, die sich in Kartons befinden.","breadcrumb":{"@id":"https:\/\/www.baumgarten-spain.com\/de\/kunststoffecken-fuer-umreifung\/#breadcrumb"},"inLanguage":"de","potentialAction":[{"@type":"ReadAction","target":["https:\/\/www.baumgarten-spain.com\/de\/kunststoffecken-fuer-umreifung\/"]}]},{"@type":"ImageObject","inLanguage":"de","@id":"https:\/\/www.baumgarten-spain.com\/de\/kunststoffecken-fuer-umreifung\/#primaryimage","url":"https:\/\/www.baumgarten-spain.com\/wp-content\/uploads\/2023\/06\/CP20-muntatge-esquema-foto-text.jpg","contentUrl":"https:\/\/www.baumgarten-spain.com\/wp-content\/uploads\/2023\/06\/CP20-muntatge-esquema-foto-text.jpg","width":1869,"height":1140,"caption":"CP20-muntatge-esquema-foto-text"},{"@type":"BreadcrumbList","@id":"https:\/\/www.baumgarten-spain.com\/de\/kunststoffecken-fuer-umreifung\/#breadcrumb","itemListElement":[{"@type":"ListItem","position":1,"name":"Portada","item":"https:\/\/www.baumgarten-spain.com\/de\/"},{"@type":"ListItem","position":2,"name":"Kunststoffecken f\u00fcr Umreifung: Kantenschutzecke &amp; Kantenschutzecken aus Kunststoff"}]},{"@type":"WebSite","@id":"https:\/\/www.baumgarten-spain.com\/#website","url":"https:\/\/www.baumgarten-spain.com\/","name":"Baumgarten Espa\u00f1a","description":"","publisher":{"@id":"https:\/\/www.baumgarten-spain.com\/#organization"},"potentialAction":[{"@type":"SearchAction","target":{"@type":"EntryPoint","urlTemplate":"https:\/\/www.baumgarten-spain.com\/?s={search_term_string}"},"query-input":{"@type":"PropertyValueSpecification","valueRequired":true,"valueName":"search_term_string"}}],"inLanguage":"de"},{"@type":"Organization","@id":"https:\/\/www.baumgarten-spain.com\/#organization","name":"Baumgarten Espa\u00f1a SL","url":"https:\/\/www.baumgarten-spain.com\/","logo":{"@type":"ImageObject","inLanguage":"de","@id":"https:\/\/www.baumgarten-spain.com\/#\/schema\/logo\/image\/","url":"https:\/\/www.baumgarten-spain.com\/wp-content\/uploads\/2023\/03\/logo.png","contentUrl":"https:\/\/www.baumgarten-spain.com\/wp-content\/uploads\/2023\/03\/logo.png","width":23,"height":32,"caption":"Baumgarten Espa\u00f1a SL"},"image":{"@id":"https:\/\/www.baumgarten-spain.com\/#\/schema\/logo\/image\/"}}]}},"_links":{"self":[{"href":"https:\/\/www.baumgarten-spain.com\/de\/wp-json\/wp\/v2\/pages\/1360","targetHints":{"allow":["GET"]}}],"collection":[{"href":"https:\/\/www.baumgarten-spain.com\/de\/wp-json\/wp\/v2\/pages"}],"about":[{"href":"https:\/\/www.baumgarten-spain.com\/de\/wp-json\/wp\/v2\/types\/page"}],"author":[{"embeddable":true,"href":"https:\/\/www.baumgarten-spain.com\/de\/wp-json\/wp\/v2\/users\/3"}],"replies":[{"embeddable":true,"href":"https:\/\/www.baumgarten-spain.com\/de\/wp-json\/wp\/v2\/comments?post=1360"}],"version-history":[{"count":5,"href":"https:\/\/www.baumgarten-spain.com\/de\/wp-json\/wp\/v2\/pages\/1360\/revisions"}],"predecessor-version":[{"id":2230,"href":"https:\/\/www.baumgarten-spain.com\/de\/wp-json\/wp\/v2\/pages\/1360\/revisions\/2230"}],"wp:featuredmedia":[{"embeddable":true,"href":"https:\/\/www.baumgarten-spain.com\/de\/wp-json\/wp\/v2\/media\/1346"}],"wp:attachment":[{"href":"https:\/\/www.baumgarten-spain.com\/de\/wp-json\/wp\/v2\/media?parent=1360"}],"curies":[{"name":"wp","href":"https:\/\/api.w.org\/{rel}","templated":true}]}}