{"id":1204,"date":"2023-05-10T10:16:32","date_gmt":"2023-05-10T09:16:32","guid":{"rendered":"https:\/\/www.baumgarten-spain.com\/?page_id=1204"},"modified":"2024-07-30T08:36:20","modified_gmt":"2024-07-30T07:36:20","slug":"qualitat","status":"publish","type":"page","link":"https:\/\/www.baumgarten-spain.com\/de\/qualitat\/","title":{"rendered":"Qualit\u00e4t"},"content":{"rendered":"\n<div class=\"wp-block-columns is-layout-flex wp-container-core-columns-is-layout-9d6595d7 wp-block-columns-is-layout-flex\">\n<div class=\"wp-block-column is-layout-flow wp-block-column-is-layout-flow\">\n<p>Die kontinuierliche Verbesserung der Kundenzufriedenheit ist eine der zentralen Pr\u00e4missen unseres Unternehmens. Qualit\u00e4t ist ein zentraler Aspekt, um dieses Ziel zu erreichen. Aus diesem Grund sind wir seit 1987 dazu verpflichtet, die internationalen ISO 9001-Standards einzuhalten. In allen unseren Gesch\u00e4ftsbereichen sind Qualit\u00e4tsmanagementsysteme in den t\u00e4glichen Betriebsablauf integriert.<\/p>\n\n\n\n<p>Forschung, Entwicklung und Innovation: Wir verpflichten uns zur Innovation und f\u00f6rdern Projekte, um die Sicherheit unserer Mitarbeiter zu verbessern, Bautechniken weiterzuentwickeln, Instandhaltungskosten zu senken und den Mehrwert f\u00fcr unsere Kunden zu maximieren.<\/p>\n\n\n\n<div style=\"height:40px\" aria-hidden=\"true\" class=\"wp-block-spacer\"><\/div>\n\n\n\n<figure class=\"wp-block-image size-full\"><img fetchpriority=\"high\" decoding=\"async\" width=\"717\" height=\"363\" src=\"https:\/\/www.baumgarten-spain.com\/wp-content\/uploads\/2020\/01\/9108644440_844767.jpg\" alt=\"\" class=\"wp-image-181\" srcset=\"https:\/\/www.baumgarten-spain.com\/wp-content\/uploads\/2020\/01\/9108644440_844767.jpg 717w, https:\/\/www.baumgarten-spain.com\/wp-content\/uploads\/2020\/01\/9108644440_844767-300x152.jpg 300w\" sizes=\"(max-width: 717px) 100vw, 717px\" \/><\/figure>\n<\/div>\n\n\n\n<div class=\"wp-block-column is-layout-flow wp-block-column-is-layout-flow\"><\/div>\n<\/div>\n\n\n\n<div style=\"height:100px\" aria-hidden=\"true\" class=\"wp-block-spacer\"><\/div>\n","protected":false},"excerpt":{"rendered":"<p>Die kontinuierliche Verbesserung der Kundenzufriedenheit ist eine der zentralen Pr\u00e4missen unseres Unternehmens. Qualit\u00e4t ist ein zentraler Aspekt, um dieses Ziel zu erreichen. Aus diesem Grund sind wir seit 1987 dazu verpflichtet, die internationalen ISO 9001-Standards einzuhalten. In allen unseren Gesch\u00e4ftsbereichen sind Qualit\u00e4tsmanagementsysteme in den t\u00e4glichen Betriebsablauf integriert. Forschung, Entwicklung und Innovation: Wir verpflichten uns zur &hellip; <a href=\"https:\/\/www.baumgarten-spain.com\/de\/qualitat\/\">Weiterlesen<\/a><\/p>\n","protected":false},"author":3,"featured_media":0,"parent":0,"menu_order":0,"comment_status":"closed","ping_status":"closed","template":"","meta":{"_monsterinsights_skip_tracking":false,"_monsterinsights_sitenote_active":false,"_monsterinsights_sitenote_note":"","_monsterinsights_sitenote_category":0,"_joinchat":[],"footnotes":""},"class_list":["post-1204","page","type-page","status-publish","hentry"],"yoast_head":"<!-- This site is optimized with the Yoast SEO plugin v27.4 - https:\/\/yoast.com\/product\/yoast-seo-wordpress\/ -->\n<title>Qualit\u00e4t &#8211; Baumgarten Espa\u00f1a<\/title>\n<meta name=\"description\" content=\"Erfahren Sie mehr \u00fcber die Qualit\u00e4tsstandards bei Baumgarten Spain. Wir garantieren h\u00f6chste Pr\u00e4zision und Exzellenz in jedem Produkt.\" \/>\n<meta name=\"robots\" content=\"index, follow, max-snippet:-1, max-image-preview:large, max-video-preview:-1\" \/>\n<link rel=\"canonical\" href=\"https:\/\/www.baumgarten-spain.com\/qualitat\/\" \/>\n<meta property=\"og:locale\" content=\"de_DE\" \/>\n<meta property=\"og:type\" content=\"article\" \/>\n<meta property=\"og:title\" content=\"Qualit\u00e4t &#8211; Baumgarten Espa\u00f1a\" \/>\n<meta property=\"og:description\" content=\"Erfahren Sie mehr \u00fcber die Qualit\u00e4tsstandards bei Baumgarten Spain. Wir garantieren h\u00f6chste Pr\u00e4zision und Exzellenz in jedem Produkt.\" \/>\n<meta property=\"og:url\" content=\"https:\/\/www.baumgarten-spain.com\/qualitat\/\" \/>\n<meta property=\"og:site_name\" content=\"Baumgarten Espa\u00f1a\" \/>\n<meta property=\"article:modified_time\" content=\"2024-07-30T07:36:20+00:00\" \/>\n<meta property=\"og:image\" content=\"https:\/\/www.baumgarten-spain.com\/wp-content\/uploads\/2020\/01\/9108644440_844767.jpg\" \/>\n<meta name=\"twitter:card\" content=\"summary_large_image\" \/>\n<meta name=\"twitter:label1\" content=\"Gesch\u00e4tzte Lesezeit\" \/>\n\t<meta name=\"twitter:data1\" content=\"1\u00a0Minute\" \/>\n<!-- \/ Yoast SEO plugin. -->","yoast_head_json":{"title":"Qualit\u00e4t &#8211; Baumgarten Espa\u00f1a","description":"Erfahren Sie mehr \u00fcber die Qualit\u00e4tsstandards bei Baumgarten Spain. Wir garantieren h\u00f6chste Pr\u00e4zision und Exzellenz in jedem Produkt.","robots":{"index":"index","follow":"follow","max-snippet":"max-snippet:-1","max-image-preview":"max-image-preview:large","max-video-preview":"max-video-preview:-1"},"canonical":"https:\/\/www.baumgarten-spain.com\/qualitat\/","og_locale":"de_DE","og_type":"article","og_title":"Qualit\u00e4t &#8211; Baumgarten Espa\u00f1a","og_description":"Erfahren Sie mehr \u00fcber die Qualit\u00e4tsstandards bei Baumgarten Spain. Wir garantieren h\u00f6chste Pr\u00e4zision und Exzellenz in jedem Produkt.","og_url":"https:\/\/www.baumgarten-spain.com\/qualitat\/","og_site_name":"Baumgarten Espa\u00f1a","article_modified_time":"2024-07-30T07:36:20+00:00","og_image":[{"url":"https:\/\/www.baumgarten-spain.com\/wp-content\/uploads\/2020\/01\/9108644440_844767.jpg","type":"","width":"","height":""}],"twitter_card":"summary_large_image","twitter_misc":{"Gesch\u00e4tzte Lesezeit":"1\u00a0Minute"},"schema":{"@context":"https:\/\/schema.org","@graph":[{"@type":"WebPage","@id":"https:\/\/www.baumgarten-spain.com\/qualitat\/","url":"https:\/\/www.baumgarten-spain.com\/qualitat\/","name":"Qualit\u00e4t &#8211; Baumgarten Espa\u00f1a","isPartOf":{"@id":"https:\/\/www.baumgarten-spain.com\/#website"},"primaryImageOfPage":{"@id":"https:\/\/www.baumgarten-spain.com\/qualitat\/#primaryimage"},"image":{"@id":"https:\/\/www.baumgarten-spain.com\/qualitat\/#primaryimage"},"thumbnailUrl":"https:\/\/www.baumgarten-spain.com\/wp-content\/uploads\/2020\/01\/9108644440_844767.jpg","datePublished":"2023-05-10T09:16:32+00:00","dateModified":"2024-07-30T07:36:20+00:00","description":"Erfahren Sie mehr \u00fcber die Qualit\u00e4tsstandards bei Baumgarten Spain. Wir garantieren h\u00f6chste Pr\u00e4zision und Exzellenz in jedem Produkt.","breadcrumb":{"@id":"https:\/\/www.baumgarten-spain.com\/qualitat\/#breadcrumb"},"inLanguage":"de","potentialAction":[{"@type":"ReadAction","target":["https:\/\/www.baumgarten-spain.com\/qualitat\/"]}]},{"@type":"ImageObject","inLanguage":"de","@id":"https:\/\/www.baumgarten-spain.com\/qualitat\/#primaryimage","url":"https:\/\/www.baumgarten-spain.com\/wp-content\/uploads\/2020\/01\/9108644440_844767.jpg","contentUrl":"https:\/\/www.baumgarten-spain.com\/wp-content\/uploads\/2020\/01\/9108644440_844767.jpg"},{"@type":"BreadcrumbList","@id":"https:\/\/www.baumgarten-spain.com\/qualitat\/#breadcrumb","itemListElement":[{"@type":"ListItem","position":1,"name":"Portada","item":"https:\/\/www.baumgarten-spain.com\/de\/"},{"@type":"ListItem","position":2,"name":"Qualit\u00e4t"}]},{"@type":"WebSite","@id":"https:\/\/www.baumgarten-spain.com\/#website","url":"https:\/\/www.baumgarten-spain.com\/","name":"Baumgarten Espa\u00f1a","description":"","publisher":{"@id":"https:\/\/www.baumgarten-spain.com\/#organization"},"potentialAction":[{"@type":"SearchAction","target":{"@type":"EntryPoint","urlTemplate":"https:\/\/www.baumgarten-spain.com\/?s={search_term_string}"},"query-input":{"@type":"PropertyValueSpecification","valueRequired":true,"valueName":"search_term_string"}}],"inLanguage":"de"},{"@type":"Organization","@id":"https:\/\/www.baumgarten-spain.com\/#organization","name":"Baumgarten Espa\u00f1a SL","url":"https:\/\/www.baumgarten-spain.com\/","logo":{"@type":"ImageObject","inLanguage":"de","@id":"https:\/\/www.baumgarten-spain.com\/#\/schema\/logo\/image\/","url":"https:\/\/www.baumgarten-spain.com\/wp-content\/uploads\/2023\/03\/logo.png","contentUrl":"https:\/\/www.baumgarten-spain.com\/wp-content\/uploads\/2023\/03\/logo.png","width":23,"height":32,"caption":"Baumgarten Espa\u00f1a SL"},"image":{"@id":"https:\/\/www.baumgarten-spain.com\/#\/schema\/logo\/image\/"}}]}},"_links":{"self":[{"href":"https:\/\/www.baumgarten-spain.com\/de\/wp-json\/wp\/v2\/pages\/1204","targetHints":{"allow":["GET"]}}],"collection":[{"href":"https:\/\/www.baumgarten-spain.com\/de\/wp-json\/wp\/v2\/pages"}],"about":[{"href":"https:\/\/www.baumgarten-spain.com\/de\/wp-json\/wp\/v2\/types\/page"}],"author":[{"embeddable":true,"href":"https:\/\/www.baumgarten-spain.com\/de\/wp-json\/wp\/v2\/users\/3"}],"replies":[{"embeddable":true,"href":"https:\/\/www.baumgarten-spain.com\/de\/wp-json\/wp\/v2\/comments?post=1204"}],"version-history":[{"count":1,"href":"https:\/\/www.baumgarten-spain.com\/de\/wp-json\/wp\/v2\/pages\/1204\/revisions"}],"predecessor-version":[{"id":1205,"href":"https:\/\/www.baumgarten-spain.com\/de\/wp-json\/wp\/v2\/pages\/1204\/revisions\/1205"}],"wp:attachment":[{"href":"https:\/\/www.baumgarten-spain.com\/de\/wp-json\/wp\/v2\/media?parent=1204"}],"curies":[{"name":"wp","href":"https:\/\/api.w.org\/{rel}","templated":true}]}}