{"id":1202,"date":"2023-05-10T10:11:15","date_gmt":"2023-05-10T09:11:15","guid":{"rendered":"https:\/\/www.baumgarten-spain.com\/?page_id=1202"},"modified":"2024-07-30T08:35:24","modified_gmt":"2024-07-30T07:35:24","slug":"technologie","status":"publish","type":"page","link":"https:\/\/www.baumgarten-spain.com\/de\/technologie\/","title":{"rendered":"Technologie"},"content":{"rendered":"\n<div class=\"wp-block-columns is-layout-flex wp-container-core-columns-is-layout-9d6595d7 wp-block-columns-is-layout-flex\">\n<div class=\"wp-block-column is-layout-flow wp-block-column-is-layout-flow\">\n<p>Bei Baumgarten verf\u00fcgen wir \u00fcber einen Maschinenpark mit Schlie\u00dfkr\u00e4ften von 50 Tonnen bis 350 Tonnen.<\/p>\n\n\n\n<p>Sie sind mit hochwertigen Peripherieger\u00e4ten ausgestattet, um sowohl die Arbeit unserer Mitarbeiter zu erleichtern als auch den Transformationsprozess zu optimieren.<\/p>\n\n\n\n<p>Unsere Werkstatt f\u00fcr Formen erm\u00f6glicht eine ordnungsgem\u00e4\u00dfe Wartung.<\/p>\n\n\n\n<p>Von unserem FuE-B\u00fcro aus entwerfen und entwickeln wir Werkzeuge f\u00fcr neue Produkte.<\/p>\n\n\n\n<p>Wir bieten auch die M\u00f6glichkeit des Endprodukts an, da wir Montagen und Abschlussarbeiten durchf\u00fchren.<\/p>\n\n\n\n<div style=\"height:20px\" aria-hidden=\"true\" class=\"wp-block-spacer\"><\/div>\n\n\n\n<h2 class=\"wp-block-heading\">Projekt zur Energieeinsparung und Energieeffizienz<\/h2>\n\n\n\n<p>Baumgarten Espa\u00f1a, S.L. hat die Umsetzung eines Projekts zur Energieeinsparung und Energieeffizienz mit finanzieller Unterst\u00fctzung des Instituts f\u00fcr Diversifikation und Energieeinsparung (IDAE) durchgef\u00fchrt.<\/p>\n\n\n\n<p>Dieses Projekt, das den Ersatz einer Kunststoffspritzgussmaschine durch eine effizientere Maschine umfasst, wird von der F\u00f6rderlinie f\u00fcr Energieeinsparung und Energieeffizienz in kleinen und gro\u00dfen Unternehmen des Industriesektors unterst\u00fctzt, die vom Europ\u00e4ischen Fonds f\u00fcr regionale Entwicklung (EFRE) mitfinanziert und vom IDAE im Rahmen des Nationalen Fonds f\u00fcr Energieeffizienz verwaltet wird, mit dem Ziel, eine sauberere und nachhaltigere Wirtschaft zu erreichen.<\/p>\n\n\n\n<div style=\"height:25px\" aria-hidden=\"true\" class=\"wp-block-spacer\"><\/div>\n<\/div>\n\n\n\n<div class=\"wp-block-column is-layout-flow wp-block-column-is-layout-flow\">\n<figure class=\"wp-block-image size-large\"><img fetchpriority=\"high\" decoding=\"async\" width=\"1024\" height=\"726\" src=\"https:\/\/www.baumgarten-spain.com\/wp-content\/uploads\/2018\/10\/fondo-eu-1024x726.png\" alt=\"\" class=\"wp-image-41\" srcset=\"https:\/\/www.baumgarten-spain.com\/wp-content\/uploads\/2018\/10\/fondo-eu-1024x726.png 1024w, https:\/\/www.baumgarten-spain.com\/wp-content\/uploads\/2018\/10\/fondo-eu-300x213.png 300w, https:\/\/www.baumgarten-spain.com\/wp-content\/uploads\/2018\/10\/fondo-eu-768x544.png 768w, https:\/\/www.baumgarten-spain.com\/wp-content\/uploads\/2018\/10\/fondo-eu.png 1206w\" sizes=\"(max-width: 1024px) 100vw, 1024px\" \/><\/figure>\n<\/div>\n<\/div>\n\n\n\n<p><\/p>\n","protected":false},"excerpt":{"rendered":"<p>Bei Baumgarten verf\u00fcgen wir \u00fcber einen Maschinenpark mit Schlie\u00dfkr\u00e4ften von 50 Tonnen bis 350 Tonnen. Sie sind mit hochwertigen Peripherieger\u00e4ten ausgestattet, um sowohl die Arbeit unserer Mitarbeiter zu erleichtern als auch den Transformationsprozess zu optimieren. Unsere Werkstatt f\u00fcr Formen erm\u00f6glicht eine ordnungsgem\u00e4\u00dfe Wartung. Von unserem FuE-B\u00fcro aus entwerfen und entwickeln wir Werkzeuge f\u00fcr neue Produkte. &hellip; <a href=\"https:\/\/www.baumgarten-spain.com\/de\/technologie\/\">Weiterlesen<\/a><\/p>\n","protected":false},"author":3,"featured_media":0,"parent":0,"menu_order":0,"comment_status":"closed","ping_status":"closed","template":"","meta":{"_monsterinsights_skip_tracking":false,"_monsterinsights_sitenote_active":false,"_monsterinsights_sitenote_note":"","_monsterinsights_sitenote_category":0,"_joinchat":[],"footnotes":""},"class_list":["post-1202","page","type-page","status-publish","hentry"],"yoast_head":"<!-- This site is optimized with the Yoast SEO plugin v27.4 - https:\/\/yoast.com\/product\/yoast-seo-wordpress\/ -->\n<title>Technologie &#8211; Baumgarten Espa\u00f1a<\/title>\n<meta name=\"description\" content=\"Entdecken Sie die fortschrittliche Technologie bei Baumgarten Spain. Erfahren Sie, wie unsere modernen Verfahren h\u00f6chste Qualit\u00e4t und Pr\u00e4zision gew\u00e4hrleisten.\" \/>\n<meta name=\"robots\" content=\"index, follow, max-snippet:-1, max-image-preview:large, max-video-preview:-1\" \/>\n<link rel=\"canonical\" href=\"https:\/\/www.baumgarten-spain.com\/de\/technologie\/\" \/>\n<meta property=\"og:locale\" content=\"de_DE\" \/>\n<meta property=\"og:type\" content=\"article\" \/>\n<meta property=\"og:title\" content=\"Technologie &#8211; Baumgarten Espa\u00f1a\" \/>\n<meta property=\"og:description\" content=\"Entdecken Sie die fortschrittliche Technologie bei Baumgarten Spain. Erfahren Sie, wie unsere modernen Verfahren h\u00f6chste Qualit\u00e4t und Pr\u00e4zision gew\u00e4hrleisten.\" \/>\n<meta property=\"og:url\" content=\"https:\/\/www.baumgarten-spain.com\/de\/technologie\/\" \/>\n<meta property=\"og:site_name\" content=\"Baumgarten Espa\u00f1a\" \/>\n<meta property=\"article:modified_time\" content=\"2024-07-30T07:35:24+00:00\" \/>\n<meta property=\"og:image\" content=\"https:\/\/www.baumgarten-spain.com\/wp-content\/uploads\/2018\/10\/fondo-eu-1024x726.png\" \/>\n<meta name=\"twitter:card\" content=\"summary_large_image\" \/>\n<meta name=\"twitter:label1\" content=\"Gesch\u00e4tzte Lesezeit\" \/>\n\t<meta name=\"twitter:data1\" content=\"1\u00a0Minute\" \/>\n<!-- \/ Yoast SEO plugin. -->","yoast_head_json":{"title":"Technologie &#8211; Baumgarten Espa\u00f1a","description":"Entdecken Sie die fortschrittliche Technologie bei Baumgarten Spain. Erfahren Sie, wie unsere modernen Verfahren h\u00f6chste Qualit\u00e4t und Pr\u00e4zision gew\u00e4hrleisten.","robots":{"index":"index","follow":"follow","max-snippet":"max-snippet:-1","max-image-preview":"max-image-preview:large","max-video-preview":"max-video-preview:-1"},"canonical":"https:\/\/www.baumgarten-spain.com\/de\/technologie\/","og_locale":"de_DE","og_type":"article","og_title":"Technologie &#8211; Baumgarten Espa\u00f1a","og_description":"Entdecken Sie die fortschrittliche Technologie bei Baumgarten Spain. Erfahren Sie, wie unsere modernen Verfahren h\u00f6chste Qualit\u00e4t und Pr\u00e4zision gew\u00e4hrleisten.","og_url":"https:\/\/www.baumgarten-spain.com\/de\/technologie\/","og_site_name":"Baumgarten Espa\u00f1a","article_modified_time":"2024-07-30T07:35:24+00:00","og_image":[{"url":"https:\/\/www.baumgarten-spain.com\/wp-content\/uploads\/2018\/10\/fondo-eu-1024x726.png","type":"","width":"","height":""}],"twitter_card":"summary_large_image","twitter_misc":{"Gesch\u00e4tzte Lesezeit":"1\u00a0Minute"},"schema":{"@context":"https:\/\/schema.org","@graph":[{"@type":"WebPage","@id":"https:\/\/www.baumgarten-spain.com\/technologie\/","url":"https:\/\/www.baumgarten-spain.com\/de\/technologie\/","name":"Technologie &#8211; Baumgarten Espa\u00f1a","isPartOf":{"@id":"https:\/\/www.baumgarten-spain.com\/#website"},"primaryImageOfPage":{"@id":"https:\/\/www.baumgarten-spain.com\/de\/technologie\/#primaryimage"},"image":{"@id":"https:\/\/www.baumgarten-spain.com\/de\/technologie\/#primaryimage"},"thumbnailUrl":"https:\/\/www.baumgarten-spain.com\/wp-content\/uploads\/2018\/10\/fondo-eu-1024x726.png","datePublished":"2023-05-10T09:11:15+00:00","dateModified":"2024-07-30T07:35:24+00:00","description":"Entdecken Sie die fortschrittliche Technologie bei Baumgarten Spain. Erfahren Sie, wie unsere modernen Verfahren h\u00f6chste Qualit\u00e4t und Pr\u00e4zision gew\u00e4hrleisten.","breadcrumb":{"@id":"https:\/\/www.baumgarten-spain.com\/de\/technologie\/#breadcrumb"},"inLanguage":"de","potentialAction":[{"@type":"ReadAction","target":["https:\/\/www.baumgarten-spain.com\/de\/technologie\/"]}]},{"@type":"ImageObject","inLanguage":"de","@id":"https:\/\/www.baumgarten-spain.com\/de\/technologie\/#primaryimage","url":"https:\/\/www.baumgarten-spain.com\/wp-content\/uploads\/2018\/10\/fondo-eu-1024x726.png","contentUrl":"https:\/\/www.baumgarten-spain.com\/wp-content\/uploads\/2018\/10\/fondo-eu-1024x726.png"},{"@type":"BreadcrumbList","@id":"https:\/\/www.baumgarten-spain.com\/de\/technologie\/#breadcrumb","itemListElement":[{"@type":"ListItem","position":1,"name":"Portada","item":"https:\/\/www.baumgarten-spain.com\/de\/"},{"@type":"ListItem","position":2,"name":"Technologie"}]},{"@type":"WebSite","@id":"https:\/\/www.baumgarten-spain.com\/#website","url":"https:\/\/www.baumgarten-spain.com\/","name":"Baumgarten Espa\u00f1a","description":"","publisher":{"@id":"https:\/\/www.baumgarten-spain.com\/#organization"},"potentialAction":[{"@type":"SearchAction","target":{"@type":"EntryPoint","urlTemplate":"https:\/\/www.baumgarten-spain.com\/?s={search_term_string}"},"query-input":{"@type":"PropertyValueSpecification","valueRequired":true,"valueName":"search_term_string"}}],"inLanguage":"de"},{"@type":"Organization","@id":"https:\/\/www.baumgarten-spain.com\/#organization","name":"Baumgarten Espa\u00f1a SL","url":"https:\/\/www.baumgarten-spain.com\/","logo":{"@type":"ImageObject","inLanguage":"de","@id":"https:\/\/www.baumgarten-spain.com\/#\/schema\/logo\/image\/","url":"https:\/\/www.baumgarten-spain.com\/wp-content\/uploads\/2023\/03\/logo.png","contentUrl":"https:\/\/www.baumgarten-spain.com\/wp-content\/uploads\/2023\/03\/logo.png","width":23,"height":32,"caption":"Baumgarten Espa\u00f1a SL"},"image":{"@id":"https:\/\/www.baumgarten-spain.com\/#\/schema\/logo\/image\/"}}]}},"_links":{"self":[{"href":"https:\/\/www.baumgarten-spain.com\/de\/wp-json\/wp\/v2\/pages\/1202","targetHints":{"allow":["GET"]}}],"collection":[{"href":"https:\/\/www.baumgarten-spain.com\/de\/wp-json\/wp\/v2\/pages"}],"about":[{"href":"https:\/\/www.baumgarten-spain.com\/de\/wp-json\/wp\/v2\/types\/page"}],"author":[{"embeddable":true,"href":"https:\/\/www.baumgarten-spain.com\/de\/wp-json\/wp\/v2\/users\/3"}],"replies":[{"embeddable":true,"href":"https:\/\/www.baumgarten-spain.com\/de\/wp-json\/wp\/v2\/comments?post=1202"}],"version-history":[{"count":1,"href":"https:\/\/www.baumgarten-spain.com\/de\/wp-json\/wp\/v2\/pages\/1202\/revisions"}],"predecessor-version":[{"id":1203,"href":"https:\/\/www.baumgarten-spain.com\/de\/wp-json\/wp\/v2\/pages\/1202\/revisions\/1203"}],"wp:attachment":[{"href":"https:\/\/www.baumgarten-spain.com\/de\/wp-json\/wp\/v2\/media?parent=1202"}],"curies":[{"name":"wp","href":"https:\/\/api.w.org\/{rel}","templated":true}]}}