{"id":1167,"date":"2023-05-10T09:26:42","date_gmt":"2023-05-10T08:26:42","guid":{"rendered":"https:\/\/www.baumgarten-spain.com\/?page_id=1167"},"modified":"2024-07-30T08:34:00","modified_gmt":"2024-07-30T07:34:00","slug":"herstellung-fur-dritte","status":"publish","type":"page","link":"https:\/\/www.baumgarten-spain.com\/de\/herstellung-fur-dritte\/","title":{"rendered":"Herstellung f\u00fcr Dritte"},"content":{"rendered":"\n<iframe width=\"100%\" height=\"1200px\"\n src=\"https:\/\/www.youtube.com\/embed\/9T2esW3SuJU\" title=\"YouTube video player\" frameborder=\"0\" allow=\"accelerometer; autoplay; clipboard-write; encrypted-media; gyroscope; picture-in-picture; web-share\" allowfullscreen><\/iframe>\n\n\n\n<div style=\"height:40px\" aria-hidden=\"true\" class=\"wp-block-spacer\"><\/div>\n\n\n\n<h2 class=\"wp-block-heading\"><strong>Kunststoff-Spritzguss<\/strong><\/h2>\n\n\n\n<p>Wir verarbeiten jede Art von Kunststoff, sowohl amorphe als auch technische Kunststoffe. Die Hauptbereiche sind Sanit\u00e4r, Automobil und Elektro<\/p>\n\n\n\n<div style=\"height:30px\" aria-hidden=\"true\" class=\"wp-block-spacer\"><\/div>\n\n\n\n<h2 class=\"wp-block-heading\"><strong>Zweikomponenten-Spritzguss<\/strong><\/h2>\n\n\n\n<p>Wir sind spezialisiert auf den Zweikomponenten-Spritzguss mit verschiedenen Materialien.<\/p>\n\n\n\n<div style=\"height:30px\" aria-hidden=\"true\" class=\"wp-block-spacer\"><\/div>\n\n\n\n<h2 class=\"wp-block-heading\"><strong>Duroplast-Spritzguss<\/strong><\/h2>\n\n\n\n<p>Die Herstellung von Duroplasten wie Phenolharzen, Melaminharzen, Harnstoffen und Polyester nimmt einen bedeutenden Teil unserer Anlagen ein. Wir sind Spezialisten f\u00fcr mittlere und hohe Temperaturen und stellen Produkte her, die bis zu 270\u00b0C standhalten k\u00f6nnen. <\/p>\n\n\n\n<div style=\"height:30px\" aria-hidden=\"true\" class=\"wp-block-spacer\"><\/div>\n\n\n\n<blockquote class=\"wp-block-quote is-layout-flow wp-block-quote-is-layout-flow\">\n<h2 class=\"wp-block-heading\"><strong>Thermoharte Injektion<\/strong><\/h2>\n\n\n\n<p><strong>Baumgarten<\/strong> ist auf die Herstellung von Produkten aus Bakelit, Melamin und Urea spezialisiert.<\/p>\n\n\n\n<p>Bakelit wird unter anderem sowohl im Elektro- als auch im Haushaltsbereich eingesetzt.<\/p>\n\n\n\n<p>Die Haupteigenschaft von Bakelit ist die Temperaturbest\u00e4ndigkeit.<\/p>\n\n\n\n<p>Im Elektrobereich werden Relais, Schalter etc. aus Bakelit gefertigt und im K\u00fcchenbereich werden Kn\u00f6pfe und Griffe f\u00fcr T\u00f6pfe sowie Pfannengriffe gefertigt.<\/p>\n\n\n\n<p>Bakelit ist sein Handelsname und seine wichtigste Verbindung ist Phenol; Deshalb handelt es sich um ein Phenolharz.<\/p>\n\n\n\n<p>Weitere Materialien, die wir umwandeln, sind Melamin und Harnstoff. Es handelt sich au\u00dferdem um Materialien mit hoher Hitzebest\u00e4ndigkeit.<\/p>\n\n\n\n<p>Sie sind vor allem f\u00fcr den Elektrobereich gedacht, haben aber auch im Automobilbereich ihren Platz.<\/p>\n\n\n\n<p>In unserem Werk verf\u00fcgen wir \u00fcber mehrere Entgratungsmaschinen (Strahlanlagen), mit denen wir die Produkte fertigstellen k\u00f6nnen.<\/p>\n<\/blockquote>\n\n\n\n<div style=\"height:90px\" aria-hidden=\"true\" class=\"wp-block-spacer\"><\/div>\n","protected":false},"excerpt":{"rendered":"<p>Kunststoff-Spritzguss Wir verarbeiten jede Art von Kunststoff, sowohl amorphe als auch technische Kunststoffe. Die Hauptbereiche sind Sanit\u00e4r, Automobil und Elektro Zweikomponenten-Spritzguss Wir sind spezialisiert auf den Zweikomponenten-Spritzguss mit verschiedenen Materialien. Duroplast-Spritzguss Die Herstellung von Duroplasten wie Phenolharzen, Melaminharzen, Harnstoffen und Polyester nimmt einen bedeutenden Teil unserer Anlagen ein. Wir sind Spezialisten f\u00fcr mittlere und hohe &hellip; <a href=\"https:\/\/www.baumgarten-spain.com\/de\/herstellung-fur-dritte\/\">Weiterlesen<\/a><\/p>\n","protected":false},"author":3,"featured_media":0,"parent":0,"menu_order":0,"comment_status":"closed","ping_status":"closed","template":"","meta":{"_monsterinsights_skip_tracking":false,"_monsterinsights_sitenote_active":false,"_monsterinsights_sitenote_note":"","_monsterinsights_sitenote_category":0,"_joinchat":[],"footnotes":""},"class_list":["post-1167","page","type-page","status-publish","hentry"],"yoast_head":"<!-- This site is optimized with the Yoast SEO plugin v27.4 - https:\/\/yoast.com\/product\/yoast-seo-wordpress\/ -->\n<title>Herstellung f\u00fcr Dritte &#8211; Baumgarten Espa\u00f1a<\/title>\n<meta name=\"description\" content=\"Erfahren Sie mehr \u00fcber unsere Fertigung f\u00fcr Dritte bei Baumgarten Spain. Wir bieten ma\u00dfgeschneiderte, qualitativ hochwertige Produktionsl\u00f6sungen.\" \/>\n<meta name=\"robots\" content=\"index, follow, max-snippet:-1, max-image-preview:large, max-video-preview:-1\" \/>\n<link rel=\"canonical\" href=\"https:\/\/www.baumgarten-spain.com\/herstellung-fur-dritte\/\" \/>\n<meta property=\"og:locale\" content=\"de_DE\" \/>\n<meta property=\"og:type\" content=\"article\" \/>\n<meta property=\"og:title\" content=\"Herstellung f\u00fcr Dritte &#8211; Baumgarten Espa\u00f1a\" \/>\n<meta property=\"og:description\" content=\"Erfahren Sie mehr \u00fcber unsere Fertigung f\u00fcr Dritte bei Baumgarten Spain. Wir bieten ma\u00dfgeschneiderte, qualitativ hochwertige Produktionsl\u00f6sungen.\" \/>\n<meta property=\"og:url\" content=\"https:\/\/www.baumgarten-spain.com\/herstellung-fur-dritte\/\" \/>\n<meta property=\"og:site_name\" content=\"Baumgarten Espa\u00f1a\" \/>\n<meta property=\"article:modified_time\" content=\"2024-07-30T07:34:00+00:00\" \/>\n<meta name=\"twitter:card\" content=\"summary_large_image\" \/>\n<meta name=\"twitter:label1\" content=\"Gesch\u00e4tzte Lesezeit\" \/>\n\t<meta name=\"twitter:data1\" content=\"1\u00a0Minute\" \/>\n<!-- \/ Yoast SEO plugin. -->","yoast_head_json":{"title":"Herstellung f\u00fcr Dritte &#8211; Baumgarten Espa\u00f1a","description":"Erfahren Sie mehr \u00fcber unsere Fertigung f\u00fcr Dritte bei Baumgarten Spain. Wir bieten ma\u00dfgeschneiderte, qualitativ hochwertige Produktionsl\u00f6sungen.","robots":{"index":"index","follow":"follow","max-snippet":"max-snippet:-1","max-image-preview":"max-image-preview:large","max-video-preview":"max-video-preview:-1"},"canonical":"https:\/\/www.baumgarten-spain.com\/herstellung-fur-dritte\/","og_locale":"de_DE","og_type":"article","og_title":"Herstellung f\u00fcr Dritte &#8211; Baumgarten Espa\u00f1a","og_description":"Erfahren Sie mehr \u00fcber unsere Fertigung f\u00fcr Dritte bei Baumgarten Spain. Wir bieten ma\u00dfgeschneiderte, qualitativ hochwertige Produktionsl\u00f6sungen.","og_url":"https:\/\/www.baumgarten-spain.com\/herstellung-fur-dritte\/","og_site_name":"Baumgarten Espa\u00f1a","article_modified_time":"2024-07-30T07:34:00+00:00","twitter_card":"summary_large_image","twitter_misc":{"Gesch\u00e4tzte Lesezeit":"1\u00a0Minute"},"schema":{"@context":"https:\/\/schema.org","@graph":[{"@type":"WebPage","@id":"https:\/\/www.baumgarten-spain.com\/herstellung-fur-dritte\/","url":"https:\/\/www.baumgarten-spain.com\/herstellung-fur-dritte\/","name":"Herstellung f\u00fcr Dritte &#8211; Baumgarten Espa\u00f1a","isPartOf":{"@id":"https:\/\/www.baumgarten-spain.com\/#website"},"datePublished":"2023-05-10T08:26:42+00:00","dateModified":"2024-07-30T07:34:00+00:00","description":"Erfahren Sie mehr \u00fcber unsere Fertigung f\u00fcr Dritte bei Baumgarten Spain. Wir bieten ma\u00dfgeschneiderte, qualitativ hochwertige Produktionsl\u00f6sungen.","breadcrumb":{"@id":"https:\/\/www.baumgarten-spain.com\/herstellung-fur-dritte\/#breadcrumb"},"inLanguage":"de","potentialAction":[{"@type":"ReadAction","target":["https:\/\/www.baumgarten-spain.com\/herstellung-fur-dritte\/"]}]},{"@type":"BreadcrumbList","@id":"https:\/\/www.baumgarten-spain.com\/herstellung-fur-dritte\/#breadcrumb","itemListElement":[{"@type":"ListItem","position":1,"name":"Portada","item":"https:\/\/www.baumgarten-spain.com\/de\/"},{"@type":"ListItem","position":2,"name":"Herstellung f\u00fcr Dritte"}]},{"@type":"WebSite","@id":"https:\/\/www.baumgarten-spain.com\/#website","url":"https:\/\/www.baumgarten-spain.com\/","name":"Baumgarten Espa\u00f1a","description":"","publisher":{"@id":"https:\/\/www.baumgarten-spain.com\/#organization"},"potentialAction":[{"@type":"SearchAction","target":{"@type":"EntryPoint","urlTemplate":"https:\/\/www.baumgarten-spain.com\/?s={search_term_string}"},"query-input":{"@type":"PropertyValueSpecification","valueRequired":true,"valueName":"search_term_string"}}],"inLanguage":"de"},{"@type":"Organization","@id":"https:\/\/www.baumgarten-spain.com\/#organization","name":"Baumgarten Espa\u00f1a SL","url":"https:\/\/www.baumgarten-spain.com\/","logo":{"@type":"ImageObject","inLanguage":"de","@id":"https:\/\/www.baumgarten-spain.com\/#\/schema\/logo\/image\/","url":"https:\/\/www.baumgarten-spain.com\/wp-content\/uploads\/2023\/03\/logo.png","contentUrl":"https:\/\/www.baumgarten-spain.com\/wp-content\/uploads\/2023\/03\/logo.png","width":23,"height":32,"caption":"Baumgarten Espa\u00f1a SL"},"image":{"@id":"https:\/\/www.baumgarten-spain.com\/#\/schema\/logo\/image\/"}}]}},"_links":{"self":[{"href":"https:\/\/www.baumgarten-spain.com\/de\/wp-json\/wp\/v2\/pages\/1167","targetHints":{"allow":["GET"]}}],"collection":[{"href":"https:\/\/www.baumgarten-spain.com\/de\/wp-json\/wp\/v2\/pages"}],"about":[{"href":"https:\/\/www.baumgarten-spain.com\/de\/wp-json\/wp\/v2\/types\/page"}],"author":[{"embeddable":true,"href":"https:\/\/www.baumgarten-spain.com\/de\/wp-json\/wp\/v2\/users\/3"}],"replies":[{"embeddable":true,"href":"https:\/\/www.baumgarten-spain.com\/de\/wp-json\/wp\/v2\/comments?post=1167"}],"version-history":[{"count":31,"href":"https:\/\/www.baumgarten-spain.com\/de\/wp-json\/wp\/v2\/pages\/1167\/revisions"}],"predecessor-version":[{"id":1994,"href":"https:\/\/www.baumgarten-spain.com\/de\/wp-json\/wp\/v2\/pages\/1167\/revisions\/1994"}],"wp:attachment":[{"href":"https:\/\/www.baumgarten-spain.com\/de\/wp-json\/wp\/v2\/media?parent=1167"}],"curies":[{"name":"wp","href":"https:\/\/api.w.org\/{rel}","templated":true}]}}