{"id":1161,"date":"2023-05-09T14:43:01","date_gmt":"2023-05-09T13:43:01","guid":{"rendered":"https:\/\/www.baumgarten-spain.com\/?page_id=1161"},"modified":"2025-12-09T13:09:29","modified_gmt":"2025-12-09T12:09:29","slug":"eigenherstellung","status":"publish","type":"page","link":"https:\/\/www.baumgarten-spain.com\/de\/eigenherstellung\/","title":{"rendered":"Eigene Produktion"},"content":{"rendered":"\n<h2 class=\"wp-block-heading\">Kantenschutz f\u00fcr die Ladungssicherung im Transport<\/h2>\n\n\n\n<p>Bei Baumgarten haben wir eine neue Linie von Kantenschutzprofilen zur Ladungssicherung im Transport entwickelt.<\/p>\n\n\n\n<p>In Baumgarten haben wir unsere eigenen Produkte entwickelt, die wir in unserem Werk in der N\u00e4he von Barcelona verarbeiten.<\/p>\n\n\n\n<p>Es handelt sich dabei um Ecksch\u00fctzer aus Kunststoff zum Schutz und zur Sicherung von G\u00fctern w\u00e4hrend des Transports.<\/p>\n\n\n\n<p>Alle unsere Ecksch\u00fctzer sind homologiert und ihre Konstruktion verleiht ihnen die notwendige Widerstandsf\u00e4higkeit, um dem Druck standzuhalten, dem sie ausgesetzt sind.<\/p>\n\n\n\n<p>Es gibt verschiedene Arten von Ecksch\u00fctzern;<\/p>\n\n\n\n<p>Lange doppel- und einwandige Ecksch\u00fctzer, die im Allgemeinen zum Schutz von Baumaterialien w\u00e4hrend des Transports verwendet werden.<br>Mittlere und kleine Ecksch\u00fctzer zum Schutz leichterer Materialien.<br>Exklusive Ecksch\u00fctzer zum Schutz des Transports von Papierspulen.<\/p>\n\n\n\n<p>Die f\u00fcr ihre Herstellung verwendeten Rohstoffe werden von erstklassigen europ\u00e4ischen Lieferanten geliefert.<\/p>\n\n\n\n<p>Sie k\u00f6nnen uns telefonisch oder per E-Mail f\u00fcr jede Anfrage kontaktieren.<\/p>\n\n\n\n<div style=\"height:32px\" aria-hidden=\"true\" class=\"wp-block-spacer\"><\/div>\n\n\n<div class=\"wp-block-image\">\n<figure class=\"aligncenter size-full is-resized\"><img fetchpriority=\"high\" decoding=\"async\" src=\"https:\/\/www.baumgarten-spain.com\/wp-content\/uploads\/2023\/04\/Plastic-corner-protector-1.jpg\" alt=\"Plastic corner protector\" class=\"wp-image-1131\" width=\"540\" height=\"500\" srcset=\"https:\/\/www.baumgarten-spain.com\/wp-content\/uploads\/2023\/04\/Plastic-corner-protector-1.jpg 672w, https:\/\/www.baumgarten-spain.com\/wp-content\/uploads\/2023\/04\/Plastic-corner-protector-1-300x278.jpg 300w\" sizes=\"(max-width: 540px) 100vw, 540px\" \/><\/figure>\n<\/div>\n\n\n<div style=\"height:75px\" aria-hidden=\"true\" class=\"wp-block-spacer\"><\/div>\n\n\n\n<h2 class=\"wp-block-heading\">Kleine Kantenschutzecken f\u00fcr B\u00e4nder, M\u00f6bel und Glas<\/h2>\n\n\n\n<p>Wir bieten eine breite Palette von Modellen an, die in unseren Fabriken in Spanien und Frankreich hergestellt werden.<\/p>\n\n\n<div class=\"wp-block-image\">\n<figure class=\"aligncenter size-large is-resized\"><img decoding=\"async\" src=\"https:\/\/www.baumgarten-spain.com\/wp-content\/uploads\/2020\/03\/fabricacion-muebles-2-1024x883.jpg\" alt=\"\" class=\"wp-image-224\" width=\"688\" height=\"593\" srcset=\"https:\/\/www.baumgarten-spain.com\/wp-content\/uploads\/2020\/03\/fabricacion-muebles-2-1024x883.jpg 1024w, https:\/\/www.baumgarten-spain.com\/wp-content\/uploads\/2020\/03\/fabricacion-muebles-2-300x259.jpg 300w, https:\/\/www.baumgarten-spain.com\/wp-content\/uploads\/2020\/03\/fabricacion-muebles-2-768x662.jpg 768w, https:\/\/www.baumgarten-spain.com\/wp-content\/uploads\/2020\/03\/fabricacion-muebles-2-1536x1325.jpg 1536w, https:\/\/www.baumgarten-spain.com\/wp-content\/uploads\/2020\/03\/fabricacion-muebles-2-2048x1766.jpg 2048w\" sizes=\"(max-width: 688px) 100vw, 688px\" \/><\/figure>\n<\/div>\n\n\n<div style=\"height:75px\" aria-hidden=\"true\" class=\"wp-block-spacer\"><\/div>\n\n\n\n<h2 class=\"wp-block-heading\">K\u00fcchenbeine<\/h2>\n\n\n\n<p>Wir fertigen K\u00fcchenbeine f\u00fcr internationale Unternehmen. Sie k\u00f6nnen die Vielfalt unserer Modelle auf unserem Link sehen.<\/p>\n\n\n<div class=\"wp-block-image\">\n<figure class=\"aligncenter size-full\"><img decoding=\"async\" width=\"600\" height=\"600\" src=\"https:\/\/www.baumgarten-spain.com\/wp-content\/uploads\/2018\/10\/20180326-producte-Baumgarten2377.jpg\" alt=\"\" class=\"wp-image-43\" srcset=\"https:\/\/www.baumgarten-spain.com\/wp-content\/uploads\/2018\/10\/20180326-producte-Baumgarten2377.jpg 600w, https:\/\/www.baumgarten-spain.com\/wp-content\/uploads\/2018\/10\/20180326-producte-Baumgarten2377-150x150.jpg 150w, https:\/\/www.baumgarten-spain.com\/wp-content\/uploads\/2018\/10\/20180326-producte-Baumgarten2377-300x300.jpg 300w\" sizes=\"(max-width: 600px) 100vw, 600px\" \/><\/figure>\n<\/div>\n\n\n<div style=\"height:75px\" aria-hidden=\"true\" class=\"wp-block-spacer\"><\/div>\n\n\n\n<h2 class=\"wp-block-heading\">Sterile Kits zur Kontrolle von Salmonellen<\/h2>\n\n\n\n<p>Efim ist ein Vertriebsunternehmen f\u00fcr Sodibox-Produkte im Gefl\u00fcgel- und Lebensmittelsektor.<\/p>\n\n\n<div class=\"wp-block-image\">\n<figure class=\"aligncenter size-full\"><img loading=\"lazy\" decoding=\"async\" width=\"600\" height=\"600\" src=\"https:\/\/www.baumgarten-spain.com\/wp-content\/uploads\/2018\/10\/20180326-producte-Baumgarten2413.jpg\" alt=\"\" class=\"wp-image-51\" srcset=\"https:\/\/www.baumgarten-spain.com\/wp-content\/uploads\/2018\/10\/20180326-producte-Baumgarten2413.jpg 600w, https:\/\/www.baumgarten-spain.com\/wp-content\/uploads\/2018\/10\/20180326-producte-Baumgarten2413-150x150.jpg 150w, https:\/\/www.baumgarten-spain.com\/wp-content\/uploads\/2018\/10\/20180326-producte-Baumgarten2413-300x300.jpg 300w\" sizes=\"(max-width: 600px) 100vw, 600px\" \/><\/figure>\n<\/div>\n\n\n<div style=\"height:75px\" aria-hidden=\"true\" class=\"wp-block-spacer\"><\/div>\n\n\n\n<p><\/p>\n","protected":false},"excerpt":{"rendered":"<p>Kantenschutz f\u00fcr die Ladungssicherung im Transport Bei Baumgarten haben wir eine neue Linie von Kantenschutzprofilen zur Ladungssicherung im Transport entwickelt. In Baumgarten haben wir unsere eigenen Produkte entwickelt, die wir in unserem Werk in der N\u00e4he von Barcelona verarbeiten. Es handelt sich dabei um Ecksch\u00fctzer aus Kunststoff zum Schutz und zur Sicherung von G\u00fctern w\u00e4hrend &hellip; <a href=\"https:\/\/www.baumgarten-spain.com\/de\/eigenherstellung\/\">Weiterlesen<\/a><\/p>\n","protected":false},"author":3,"featured_media":0,"parent":0,"menu_order":0,"comment_status":"closed","ping_status":"closed","template":"","meta":{"_monsterinsights_skip_tracking":false,"_monsterinsights_sitenote_active":false,"_monsterinsights_sitenote_note":"","_monsterinsights_sitenote_category":0,"_joinchat":[],"footnotes":""},"class_list":["post-1161","page","type-page","status-publish","hentry"],"yoast_head":"<!-- This site is optimized with the Yoast SEO plugin v27.4 - https:\/\/yoast.com\/product\/yoast-seo-wordpress\/ -->\n<title>Eigenherstellung &#8211; Baumgarten Espa\u00f1a<\/title>\n<meta name=\"description\" content=\"Entdecken Sie die Eigenherstellung bei Baumgarten Spain. Hochwertige, ma\u00dfgeschneiderte Produktionsl\u00f6sungen f\u00fcr Ihre Bed\u00fcrfnisse.\" \/>\n<meta name=\"robots\" content=\"index, follow, max-snippet:-1, max-image-preview:large, max-video-preview:-1\" \/>\n<link rel=\"canonical\" href=\"https:\/\/www.baumgarten-spain.com\/de\/eigenherstellung\/\" \/>\n<meta property=\"og:locale\" content=\"de_DE\" \/>\n<meta property=\"og:type\" content=\"article\" \/>\n<meta property=\"og:title\" content=\"Eigenherstellung &#8211; Baumgarten Espa\u00f1a\" \/>\n<meta property=\"og:description\" content=\"Entdecken Sie die Eigenherstellung bei Baumgarten Spain. Hochwertige, ma\u00dfgeschneiderte Produktionsl\u00f6sungen f\u00fcr Ihre Bed\u00fcrfnisse.\" \/>\n<meta property=\"og:url\" content=\"https:\/\/www.baumgarten-spain.com\/de\/eigenherstellung\/\" \/>\n<meta property=\"og:site_name\" content=\"Baumgarten Espa\u00f1a\" \/>\n<meta property=\"article:modified_time\" content=\"2025-12-09T12:09:29+00:00\" \/>\n<meta property=\"og:image\" content=\"https:\/\/www.baumgarten-spain.com\/wp-content\/uploads\/2023\/04\/Plastic-corner-protector-1.jpg\" \/>\n<meta name=\"twitter:card\" content=\"summary_large_image\" \/>\n<meta name=\"twitter:label1\" content=\"Gesch\u00e4tzte Lesezeit\" \/>\n\t<meta name=\"twitter:data1\" content=\"2\u00a0Minuten\" \/>\n<!-- \/ Yoast SEO plugin. -->","yoast_head_json":{"title":"Eigenherstellung &#8211; Baumgarten Espa\u00f1a","description":"Entdecken Sie die Eigenherstellung bei Baumgarten Spain. Hochwertige, ma\u00dfgeschneiderte Produktionsl\u00f6sungen f\u00fcr Ihre Bed\u00fcrfnisse.","robots":{"index":"index","follow":"follow","max-snippet":"max-snippet:-1","max-image-preview":"max-image-preview:large","max-video-preview":"max-video-preview:-1"},"canonical":"https:\/\/www.baumgarten-spain.com\/de\/eigenherstellung\/","og_locale":"de_DE","og_type":"article","og_title":"Eigenherstellung &#8211; Baumgarten Espa\u00f1a","og_description":"Entdecken Sie die Eigenherstellung bei Baumgarten Spain. Hochwertige, ma\u00dfgeschneiderte Produktionsl\u00f6sungen f\u00fcr Ihre Bed\u00fcrfnisse.","og_url":"https:\/\/www.baumgarten-spain.com\/de\/eigenherstellung\/","og_site_name":"Baumgarten Espa\u00f1a","article_modified_time":"2025-12-09T12:09:29+00:00","og_image":[{"url":"https:\/\/www.baumgarten-spain.com\/wp-content\/uploads\/2023\/04\/Plastic-corner-protector-1.jpg","type":"","width":"","height":""}],"twitter_card":"summary_large_image","twitter_misc":{"Gesch\u00e4tzte Lesezeit":"2\u00a0Minuten"},"schema":{"@context":"https:\/\/schema.org","@graph":[{"@type":"WebPage","@id":"https:\/\/www.baumgarten-spain.com\/eigenherstellung\/","url":"https:\/\/www.baumgarten-spain.com\/de\/eigenherstellung\/","name":"Eigenherstellung &#8211; Baumgarten Espa\u00f1a","isPartOf":{"@id":"https:\/\/www.baumgarten-spain.com\/#website"},"primaryImageOfPage":{"@id":"https:\/\/www.baumgarten-spain.com\/de\/eigenherstellung\/#primaryimage"},"image":{"@id":"https:\/\/www.baumgarten-spain.com\/de\/eigenherstellung\/#primaryimage"},"thumbnailUrl":"https:\/\/www.baumgarten-spain.com\/wp-content\/uploads\/2023\/04\/Plastic-corner-protector-1.jpg","datePublished":"2023-05-09T13:43:01+00:00","dateModified":"2025-12-09T12:09:29+00:00","description":"Entdecken Sie die Eigenherstellung bei Baumgarten Spain. Hochwertige, ma\u00dfgeschneiderte Produktionsl\u00f6sungen f\u00fcr Ihre Bed\u00fcrfnisse.","breadcrumb":{"@id":"https:\/\/www.baumgarten-spain.com\/de\/eigenherstellung\/#breadcrumb"},"inLanguage":"de","potentialAction":[{"@type":"ReadAction","target":["https:\/\/www.baumgarten-spain.com\/de\/eigenherstellung\/"]}]},{"@type":"ImageObject","inLanguage":"de","@id":"https:\/\/www.baumgarten-spain.com\/de\/eigenherstellung\/#primaryimage","url":"https:\/\/www.baumgarten-spain.com\/wp-content\/uploads\/2023\/04\/Plastic-corner-protector-1.jpg","contentUrl":"https:\/\/www.baumgarten-spain.com\/wp-content\/uploads\/2023\/04\/Plastic-corner-protector-1.jpg"},{"@type":"BreadcrumbList","@id":"https:\/\/www.baumgarten-spain.com\/de\/eigenherstellung\/#breadcrumb","itemListElement":[{"@type":"ListItem","position":1,"name":"Portada","item":"https:\/\/www.baumgarten-spain.com\/de\/"},{"@type":"ListItem","position":2,"name":"Eigene Produktion"}]},{"@type":"WebSite","@id":"https:\/\/www.baumgarten-spain.com\/#website","url":"https:\/\/www.baumgarten-spain.com\/","name":"Baumgarten Espa\u00f1a","description":"","publisher":{"@id":"https:\/\/www.baumgarten-spain.com\/#organization"},"potentialAction":[{"@type":"SearchAction","target":{"@type":"EntryPoint","urlTemplate":"https:\/\/www.baumgarten-spain.com\/?s={search_term_string}"},"query-input":{"@type":"PropertyValueSpecification","valueRequired":true,"valueName":"search_term_string"}}],"inLanguage":"de"},{"@type":"Organization","@id":"https:\/\/www.baumgarten-spain.com\/#organization","name":"Baumgarten Espa\u00f1a SL","url":"https:\/\/www.baumgarten-spain.com\/","logo":{"@type":"ImageObject","inLanguage":"de","@id":"https:\/\/www.baumgarten-spain.com\/#\/schema\/logo\/image\/","url":"https:\/\/www.baumgarten-spain.com\/wp-content\/uploads\/2023\/03\/logo.png","contentUrl":"https:\/\/www.baumgarten-spain.com\/wp-content\/uploads\/2023\/03\/logo.png","width":23,"height":32,"caption":"Baumgarten Espa\u00f1a SL"},"image":{"@id":"https:\/\/www.baumgarten-spain.com\/#\/schema\/logo\/image\/"}}]}},"_links":{"self":[{"href":"https:\/\/www.baumgarten-spain.com\/de\/wp-json\/wp\/v2\/pages\/1161","targetHints":{"allow":["GET"]}}],"collection":[{"href":"https:\/\/www.baumgarten-spain.com\/de\/wp-json\/wp\/v2\/pages"}],"about":[{"href":"https:\/\/www.baumgarten-spain.com\/de\/wp-json\/wp\/v2\/types\/page"}],"author":[{"embeddable":true,"href":"https:\/\/www.baumgarten-spain.com\/de\/wp-json\/wp\/v2\/users\/3"}],"replies":[{"embeddable":true,"href":"https:\/\/www.baumgarten-spain.com\/de\/wp-json\/wp\/v2\/comments?post=1161"}],"version-history":[{"count":6,"href":"https:\/\/www.baumgarten-spain.com\/de\/wp-json\/wp\/v2\/pages\/1161\/revisions"}],"predecessor-version":[{"id":1604,"href":"https:\/\/www.baumgarten-spain.com\/de\/wp-json\/wp\/v2\/pages\/1161\/revisions\/1604"}],"wp:attachment":[{"href":"https:\/\/www.baumgarten-spain.com\/de\/wp-json\/wp\/v2\/media?parent=1161"}],"curies":[{"name":"wp","href":"https:\/\/api.w.org\/{rel}","templated":true}]}}