{"id":1149,"date":"2023-05-09T11:48:53","date_gmt":"2023-05-09T10:48:53","guid":{"rendered":"https:\/\/www.baumgarten-spain.com\/?page_id=1149"},"modified":"2024-07-30T08:30:02","modified_gmt":"2024-07-30T07:30:02","slug":"unsere","status":"publish","type":"page","link":"https:\/\/www.baumgarten-spain.com\/de\/unsere\/","title":{"rendered":""},"content":{"rendered":"<div class=\"wp-block-image\">\n<figure class=\"aligncenter size-large is-resized\"><img fetchpriority=\"high\" decoding=\"async\" width=\"1024\" height=\"576\" src=\"https:\/\/www.baumgarten-spain.com\/wp-content\/uploads\/2018\/10\/baumgarten-maq1-1024x576.jpg\" alt=\"\" class=\"wp-image-38\" style=\"width:840px;height:472px\" srcset=\"https:\/\/www.baumgarten-spain.com\/wp-content\/uploads\/2018\/10\/baumgarten-maq1-1024x576.jpg 1024w, https:\/\/www.baumgarten-spain.com\/wp-content\/uploads\/2018\/10\/baumgarten-maq1-300x169.jpg 300w, https:\/\/www.baumgarten-spain.com\/wp-content\/uploads\/2018\/10\/baumgarten-maq1-768x432.jpg 768w, https:\/\/www.baumgarten-spain.com\/wp-content\/uploads\/2018\/10\/baumgarten-maq1.jpg 1801w\" sizes=\"(max-width: 1024px) 100vw, 1024px\" \/><\/figure>\n<\/div>\n\n\n<div style=\"height:31px\" aria-hidden=\"true\" class=\"wp-block-spacer\"><\/div>\n\n\n\n<div class=\"wp-block-columns is-layout-flex wp-container-core-columns-is-layout-9d6595d7 wp-block-columns-is-layout-flex\">\n<div class=\"wp-block-column is-layout-flow wp-block-column-is-layout-flow\">\n<h1 class=\"wp-block-heading has-text-align-center\">Baumgarten<\/h1>\n<\/div>\n<\/div>\n\n\n\n<div style=\"height:30px\" aria-hidden=\"true\" class=\"wp-block-spacer\"><\/div>\n\n\n\n<div class=\"wp-block-columns is-layout-flex wp-container-core-columns-is-layout-9d6595d7 wp-block-columns-is-layout-flex\">\n<div class=\"wp-block-column has-white-background-color has-background is-layout-flow wp-block-column-is-layout-flow\">\n<p><\/p>\n\n\n\n<h2 class=\"wp-block-heading has-text-align-center padding: 10px\">Unsere Firma<\/h2>\n\n\n\n<p class=\"has-white-background-color has-background\">Seit 1972 produziert BAUMGARTEN in Spanien Spritzgussteile aus Duroplasten und Thermoplasten.<\/p>\n\n\n\n<p class=\"has-white-background-color has-background\">In all den Jahren konnten wir durch unsere gesammelte Erfahrung unseren Service verbessern und unser Angebot an spezialisierten Produkten erweitern. <\/p>\n\n\n\n<p class=\"has-white-background-color has-background\">Aktuell fertigen wir Produkte aus duroplastischem Material (Phenolharze, Melamine, Polyester, usw.) sowie aus allen kunststomaterialan.<\/p>\n\n\n\n<p class=\"has-white-background-color has-background\">Wir haben uns auf die Mehrkomponenten-Spritzgusstechnik spezialisiert und verf\u00fcgen \u00fcber eine Montage- und Veredelungsabteilung. <\/p>\n\n\n\n<p class=\"has-white-background-color has-background\">Zudem sind wir f\u00fcr die Herstellung der Formen verantwortlich.<\/p>\n\n\n\n<p class=\"has-white-background-color has-background\">Dank unserer technischen F\u00e4higkeiten kann BAUMGARTEN Produkte f\u00fcr verschiedene Industriezweige wie die Automobil-, Elektro-, Sanit\u00e4r- und M\u00f6belindustrie anbieten.<\/p>\n<\/div>\n\n\n\n<div class=\"wp-block-column has-background is-layout-flow wp-block-column-is-layout-flow\" style=\"background-color:#eeeeee\">\n<p><\/p>\n\n\n\n<h2 class=\"wp-block-heading has-text-align-center padding: 10px\">Ziele<\/h2>\n\n\n\n<p class=\"has-background\" style=\"background-color:#eeeeeeed\">BAUMGARTEN Spanien ist bestrebt, seine Produkte in der von seinen Kunden geforderten Qualit\u00e4t zu liefern. Unser Ziel in Bezug auf die Umwelt ist es, die Umweltauswirkungen, die sich aus unserer T\u00e4tigkeit ergeben, zu minimieren.<\/p>\n\n\n\n<p class=\"has-background\" style=\"background-color:#eeeeeeed\">Ein weiteres unserer Ziele im Bereich Arbeitssicherheit ist es, die Risiken, die die T\u00e4tigkeit f\u00fcr Menschen verursachen kann, vorherzusehen und zu beseitigen.<\/p>\n\n\n\n<p class=\"has-background\" style=\"background-color:#eeeeeeed\">Das Qualit\u00e4ts-, Umwelt- und Arbeitsschutzhandbuch ist die Grundlage f\u00fcr die implementierten internen Prozesse und f\u00fcr unsere Mitarbeiter und\/oder Subunternehmer. <\/p>\n\n\n\n<p class=\"has-background\" style=\"background-color:#eeeeeeed\">Sie k\u00f6nnen unsere Seite f\u00fcr <a href=\"https:\/\/www.baumgarten-spain.com\/de\/kunststoff\/\">Transporteckensch\u00fctzer<\/a>, <a href=\"https:\/\/www.baumgarten-spain.com\/de\/umreifungsecken\/\">Umreifungseckensch\u00fctzer<\/a>, <a href=\"https:\/\/www.baumgarten-spain.com\/de\/herstellung-fur-dritte\/\">Bakelit<\/a>, oder <a href=\"https:\/\/www.baumgarten-spain.com\/de\/anhaengerzubehoer-fuer-plattformanhaenger\/\">Zubeh\u00f6r f\u00fcr Plattformanh\u00e4nger einsehen<\/a>.<\/p>\n<\/div>\n<\/div>\n\n\n\n<div class=\"wp-block-columns is-layout-flex wp-container-core-columns-is-layout-9d6595d7 wp-block-columns-is-layout-flex\">\n<div class=\"wp-block-column is-layout-flow wp-block-column-is-layout-flow\">\n<div style=\"height:78px\" aria-hidden=\"true\" class=\"wp-block-spacer\"><\/div>\n<\/div>\n<\/div>\n\n\n\n<div class=\"wp-block-columns is-layout-flex wp-container-core-columns-is-layout-9d6595d7 wp-block-columns-is-layout-flex\">\n<div class=\"wp-block-column has-background is-layout-flow wp-block-column-is-layout-flow\" style=\"background-color:#009f3b\">\n<div style=\"height:25px\" aria-hidden=\"true\" class=\"wp-block-spacer\"><\/div>\n\n\n\n<h2 class=\"wp-block-heading has-text-align-center has-white-color has-text-color\">Wir stehen Ihnen zur Verf\u00fcgung<\/h2>\n\n\n\n<p class=\"has-text-align-center has-white-color has-text-color\">Wir werden Ihren Anruf unverbindlich entgegennehmen<\/p>\n\n\n\n<div class=\"wp-block-buttons is-layout-flex wp-block-buttons-is-layout-flex\">\n<div class=\"wp-block-button aligncenter is-style-outline is-style-outline--1\"><a class=\"wp-block-button__link has-white-color has-text-color has-background wp-element-button\" href=\"https:\/\/www.baumgarten-spain.com\/de\/kontakt\/\" style=\"border-radius:7px;background-color:#009f3b\">Kontakt<\/a><\/div>\n<\/div>\n\n\n\n<div style=\"height:25px\" aria-hidden=\"true\" class=\"wp-block-spacer\"><\/div>\n<\/div>\n<\/div>\n\n\n\n<p><\/p>\n\n\n\n<p><\/p>\n\n\n\n<p><\/p>\n","protected":false},"excerpt":{"rendered":"<p>Baumgarten Unsere Firma Seit 1972 produziert BAUMGARTEN in Spanien Spritzgussteile aus Duroplasten und Thermoplasten. In all den Jahren konnten wir durch unsere gesammelte Erfahrung unseren Service verbessern und unser Angebot an spezialisierten Produkten erweitern. Aktuell fertigen wir Produkte aus duroplastischem Material (Phenolharze, Melamine, Polyester, usw.) sowie aus allen kunststomaterialan. Wir haben uns auf die Mehrkomponenten-Spritzgusstechnik &hellip; <a href=\"https:\/\/www.baumgarten-spain.com\/de\/unsere\/\">Weiterlesen<\/a><\/p>\n","protected":false},"author":3,"featured_media":893,"parent":0,"menu_order":0,"comment_status":"closed","ping_status":"closed","template":"","meta":{"_monsterinsights_skip_tracking":false,"_monsterinsights_sitenote_active":false,"_monsterinsights_sitenote_note":"","_monsterinsights_sitenote_category":0,"_joinchat":[],"footnotes":""},"class_list":["post-1149","page","type-page","status-publish","has-post-thumbnail","hentry"],"yoast_head":"<!-- This site is optimized with the Yoast SEO plugin v27.4 - https:\/\/yoast.com\/product\/yoast-seo-wordpress\/ -->\n<title>Unsere Firma &#8211; Baumgarten Espa\u00f1a<\/title>\n<meta name=\"description\" content=\"Erfahren Sie mehr \u00fcber Baumgarten Spain und unser Engagement f\u00fcr Qualit\u00e4t und Innovation. Entdecken Sie unsere Produkte und Dienstleistungen, die h\u00f6chsten Standards entsprechen.\" \/>\n<meta name=\"robots\" content=\"index, follow, max-snippet:-1, max-image-preview:large, max-video-preview:-1\" \/>\n<link rel=\"canonical\" href=\"https:\/\/www.baumgarten-spain.com\/de\/unsere\/\" \/>\n<meta property=\"og:locale\" content=\"de_DE\" \/>\n<meta property=\"og:type\" content=\"article\" \/>\n<meta property=\"og:title\" content=\"Unsere Firma &#8211; Baumgarten Espa\u00f1a\" \/>\n<meta property=\"og:description\" content=\"Erfahren Sie mehr \u00fcber Baumgarten Spain und unser Engagement f\u00fcr Qualit\u00e4t und Innovation. Entdecken Sie unsere Produkte und Dienstleistungen, die h\u00f6chsten Standards entsprechen.\" \/>\n<meta property=\"og:url\" content=\"https:\/\/www.baumgarten-spain.com\/de\/unsere\/\" \/>\n<meta property=\"og:site_name\" content=\"Baumgarten Espa\u00f1a\" \/>\n<meta property=\"article:modified_time\" content=\"2024-07-30T07:30:02+00:00\" \/>\n<meta property=\"og:image\" content=\"https:\/\/www.baumgarten-spain.com\/wp-content\/uploads\/2023\/03\/image003.jpg\" \/>\n\t<meta property=\"og:image:width\" content=\"885\" \/>\n\t<meta property=\"og:image:height\" content=\"619\" \/>\n\t<meta property=\"og:image:type\" content=\"image\/jpeg\" \/>\n<meta name=\"twitter:card\" content=\"summary_large_image\" \/>\n<meta name=\"twitter:label1\" content=\"Gesch\u00e4tzte Lesezeit\" \/>\n\t<meta name=\"twitter:data1\" content=\"2\u00a0Minuten\" \/>\n<!-- \/ Yoast SEO plugin. -->","yoast_head_json":{"title":"Unsere Firma &#8211; Baumgarten Espa\u00f1a","description":"Erfahren Sie mehr \u00fcber Baumgarten Spain und unser Engagement f\u00fcr Qualit\u00e4t und Innovation. Entdecken Sie unsere Produkte und Dienstleistungen, die h\u00f6chsten Standards entsprechen.","robots":{"index":"index","follow":"follow","max-snippet":"max-snippet:-1","max-image-preview":"max-image-preview:large","max-video-preview":"max-video-preview:-1"},"canonical":"https:\/\/www.baumgarten-spain.com\/de\/unsere\/","og_locale":"de_DE","og_type":"article","og_title":"Unsere Firma &#8211; Baumgarten Espa\u00f1a","og_description":"Erfahren Sie mehr \u00fcber Baumgarten Spain und unser Engagement f\u00fcr Qualit\u00e4t und Innovation. Entdecken Sie unsere Produkte und Dienstleistungen, die h\u00f6chsten Standards entsprechen.","og_url":"https:\/\/www.baumgarten-spain.com\/de\/unsere\/","og_site_name":"Baumgarten Espa\u00f1a","article_modified_time":"2024-07-30T07:30:02+00:00","og_image":[{"width":885,"height":619,"url":"https:\/\/www.baumgarten-spain.com\/wp-content\/uploads\/2023\/03\/image003.jpg","type":"image\/jpeg"}],"twitter_card":"summary_large_image","twitter_misc":{"Gesch\u00e4tzte Lesezeit":"2\u00a0Minuten"},"schema":{"@context":"https:\/\/schema.org","@graph":[{"@type":"WebPage","@id":"https:\/\/www.baumgarten-spain.com\/unsere\/","url":"https:\/\/www.baumgarten-spain.com\/de\/unsere\/","name":"Unsere Firma &#8211; Baumgarten Espa\u00f1a","isPartOf":{"@id":"https:\/\/www.baumgarten-spain.com\/#website"},"primaryImageOfPage":{"@id":"https:\/\/www.baumgarten-spain.com\/de\/unsere\/#primaryimage"},"image":{"@id":"https:\/\/www.baumgarten-spain.com\/de\/unsere\/#primaryimage"},"thumbnailUrl":"https:\/\/www.baumgarten-spain.com\/wp-content\/uploads\/2023\/03\/image003.jpg","datePublished":"2023-05-09T10:48:53+00:00","dateModified":"2024-07-30T07:30:02+00:00","description":"Erfahren Sie mehr \u00fcber Baumgarten Spain und unser Engagement f\u00fcr Qualit\u00e4t und Innovation. Entdecken Sie unsere Produkte und Dienstleistungen, die h\u00f6chsten Standards entsprechen.","inLanguage":"de","potentialAction":[{"@type":"ReadAction","target":["https:\/\/www.baumgarten-spain.com\/de\/unsere\/"]}]},{"@type":"ImageObject","inLanguage":"de","@id":"https:\/\/www.baumgarten-spain.com\/de\/unsere\/#primaryimage","url":"https:\/\/www.baumgarten-spain.com\/wp-content\/uploads\/2023\/03\/image003.jpg","contentUrl":"https:\/\/www.baumgarten-spain.com\/wp-content\/uploads\/2023\/03\/image003.jpg","width":885,"height":619,"caption":"cantonera-de-plastico-para-transporte"},{"@type":"WebSite","@id":"https:\/\/www.baumgarten-spain.com\/#website","url":"https:\/\/www.baumgarten-spain.com\/","name":"Baumgarten Espa\u00f1a","description":"","publisher":{"@id":"https:\/\/www.baumgarten-spain.com\/#organization"},"potentialAction":[{"@type":"SearchAction","target":{"@type":"EntryPoint","urlTemplate":"https:\/\/www.baumgarten-spain.com\/?s={search_term_string}"},"query-input":{"@type":"PropertyValueSpecification","valueRequired":true,"valueName":"search_term_string"}}],"inLanguage":"de"},{"@type":"Organization","@id":"https:\/\/www.baumgarten-spain.com\/#organization","name":"Baumgarten Espa\u00f1a SL","url":"https:\/\/www.baumgarten-spain.com\/","logo":{"@type":"ImageObject","inLanguage":"de","@id":"https:\/\/www.baumgarten-spain.com\/#\/schema\/logo\/image\/","url":"https:\/\/www.baumgarten-spain.com\/wp-content\/uploads\/2023\/03\/logo.png","contentUrl":"https:\/\/www.baumgarten-spain.com\/wp-content\/uploads\/2023\/03\/logo.png","width":23,"height":32,"caption":"Baumgarten Espa\u00f1a SL"},"image":{"@id":"https:\/\/www.baumgarten-spain.com\/#\/schema\/logo\/image\/"}}]}},"_links":{"self":[{"href":"https:\/\/www.baumgarten-spain.com\/de\/wp-json\/wp\/v2\/pages\/1149","targetHints":{"allow":["GET"]}}],"collection":[{"href":"https:\/\/www.baumgarten-spain.com\/de\/wp-json\/wp\/v2\/pages"}],"about":[{"href":"https:\/\/www.baumgarten-spain.com\/de\/wp-json\/wp\/v2\/types\/page"}],"author":[{"embeddable":true,"href":"https:\/\/www.baumgarten-spain.com\/de\/wp-json\/wp\/v2\/users\/3"}],"replies":[{"embeddable":true,"href":"https:\/\/www.baumgarten-spain.com\/de\/wp-json\/wp\/v2\/comments?post=1149"}],"version-history":[{"count":12,"href":"https:\/\/www.baumgarten-spain.com\/de\/wp-json\/wp\/v2\/pages\/1149\/revisions"}],"predecessor-version":[{"id":2035,"href":"https:\/\/www.baumgarten-spain.com\/de\/wp-json\/wp\/v2\/pages\/1149\/revisions\/2035"}],"wp:featuredmedia":[{"embeddable":true,"href":"https:\/\/www.baumgarten-spain.com\/de\/wp-json\/wp\/v2\/media\/893"}],"wp:attachment":[{"href":"https:\/\/www.baumgarten-spain.com\/de\/wp-json\/wp\/v2\/media?parent=1149"}],"curies":[{"name":"wp","href":"https:\/\/api.w.org\/{rel}","templated":true}]}}