{"id":1112,"date":"2023-04-24T16:08:21","date_gmt":"2023-04-24T15:08:21","guid":{"rendered":"https:\/\/www.baumgarten-spain.com\/cookie-richtlinie\/"},"modified":"2023-04-24T16:08:22","modified_gmt":"2023-04-24T15:08:22","slug":"cookie-richtlinie","status":"publish","type":"page","link":"https:\/\/www.baumgarten-spain.com\/de\/cookie-richtlinie\/","title":{"rendered":"Cookie-Richtlinie"},"content":{"rendered":"\n<p>Eine Cookie ist eine Datei, die auf das Ger\u00e4t heruntergeladen wird, von dem aus Sie unsere Webseite besuchen (Computer\/Smartphone\/Tablet) und heruntergeladen wird, wenn Sie bestimmte Webseiten aufrufen, um Informationen \u00fcber die Navigation zu speichern und wiederherzustellen, die von diesem Ger\u00e4t aus durchgef\u00fchrt wird.<\/p>\n\n<p>Es gibt verschiedene Arten von &#8220;Cookies&#8221;<\/p>\n\n<ol class=\"wp-block-list\">\n<li>Je nachdem, wer der Eigent\u00fcmer des Cookies ist:<\/li>\n<\/ol>\n\n<ol class=\"wp-block-list\">\n<li>Cookies von Drittanbietern: Sie werden an das Endger\u00e4t des Benutzers von einem Computer oder einer Dom\u00e4ne gesendet, die nicht vom Herausgeber verwaltet wird, sondern von einem anderen Unternehmen, das die durch den Benutzer angeforderten Dienste bereitstellt.<\/li>\n\n\n\n<li>Cookies von Drittanbietern: Dies sind Cookies, die an das Endger\u00e4t des Benutzers von einem Computer oder einer Domain gesendet werden, die nicht vom Herausgeber verwaltet wird, sondern von einer anderen Einheit, die die \u00fcber Cookies erhaltenen Daten verarbeitet.<\/li>\n<\/ol>\n\n<ol class=\"wp-block-list\">\n<li>Je nach Dauer des Cookies:<\/li>\n<\/ol>\n\n<ul class=\"wp-block-list\">\n<li>Cookies der Sitzung: Sie sind ein Cookie-Typ, der entwickelt wurde, um Daten w\u00e4hrend des Zugriffs des Benutzers auf eine Webseite zu sammeln und zu speichern.<\/li>\n\n\n\n<li>Cookies persistente: Es gibt einen Cookie-Typ, bei dem die Daten weiterhin auf dem Endger\u00e4t gespeichert sind und w\u00e4hrend eines vom Verantwortlichen des Cookies definierten Zeitraums abgerufen und verarbeitet werden k\u00f6nnen, der von einigen Minuten bis zu mehreren Jahren reichen kann.<\/li>\n<\/ul>\n\n<ol class=\"wp-block-list\">\n<li>Guten Tag! Wie kann ich Ihnen heute helfen?\n<ul class=\"wp-block-list\">\n<li>Cookies f\u00fcr Analysen: Dies sind Cookies, die von uns oder von Dritten behandelt werden und es uns erm\u00f6glichen, die Anzahl der Benutzer zu quantifizieren und somit die statistische Messung und Analyse der Nutzung des angebotenen Dienstes durchzuf\u00fchren. Dazu wird Ihre Navigation auf unserer Website analysiert, um das Angebot an Produkten oder Dienstleistungen zu verbessern, die wir Ihnen anbieten.<\/li>\n\n\n\n<li>Cookies Werbung: Diese erm\u00f6glichen die effizienteste Verwaltung von Werbefl\u00e4chen, die der Herausgeber gegebenenfalls in einer Website, Anwendung oder Plattform, von der aus der angeforderte Dienst erbracht wird, enthalten hat, basierend auf Kriterien wie dem bearbeiteten Inhalt oder der H\u00e4ufigkeit, in der Anzeigen angezeigt werden.<\/li>\n\n\n\n<li>Cookies f\u00fcr Verhaltenswerbung: Sie erm\u00f6glichen das effektivste Management der Werbefl\u00e4chen, die der Herausgeber in eine Webseite, Anwendung oder Plattform integriert hat, von der er den angeforderten Dienst erbringt. Diese Cookies speichern Informationen zum Verhalten der Benutzer, die durch kontinuierliche Beobachtung ihrer Navigationsgewohnheiten gewonnen werden. Dies erm\u00f6glicht die Entwicklung eines spezifischen Profils zur Anzeige von Werbung entsprechend diesen Gewohnheiten.<\/li>\n<\/ul>\n<\/li>\n<\/ol>\n\n<p>Ebenso ist es m\u00f6glich, dass beim Besuch einer Website oder beim \u00d6ffnen einer E-Mail, in der Werbung oder Promotion f\u00fcr unsere Produkte oder Dienstleistungen ver\u00f6ffentlicht wird, ein Cookie in Ihrem Browser installiert wird, das uns sp\u00e4ter dazu dient, Werbung in Bezug auf Ihre durchgef\u00fchrte Suche anzuzeigen, eine Kontrolle unserer Anzeigen in Bezug auf beispielsweise die Anzahl der Aufrufe, wo sie angezeigt werden, zu entwickeln, zu welcher Uhrzeit sie gesehen werden, etc.<\/p>\n\n<ol class=\"wp-block-list\">\n<li>Technische Cookies: Sie erm\u00f6glichen dem Benutzer das Navigieren auf einer Webseite, Plattform oder Anwendung sowie die Nutzung der verschiedenen Optionen oder Dienste, die darauf vorhanden sind. Dazu geh\u00f6ren beispielsweise die Kontrolle des Datenverkehrs und der Datenkommunikation, die Identifizierung der Sitzung, der Zugriff auf beschr\u00e4nkte Bereiche, das Erinnern an die Elemente, die eine Bestellung enthalten, das Durchf\u00fchren des Bestellvorgangs, das Anfordern der Anmeldung oder Teilnahme an einer Veranstaltung, die Verwendung von Sicherheitselementen w\u00e4hrend des Navigierens, das Speichern von Inhalten f\u00fcr die Verbreitung von Videos oder Klang oder das Teilen von Inhalten \u00fcber soziale Netzwerke.<\/li>\n\n\n\n<li>Cookies zur Personalisierung: Diese Cookies erm\u00f6glichen es dem Benutzer, auf den Service mit einigen vordefinierten allgemeinen Merkmalen zuzugreifen, die auf einer Reihe von Kriterien im Benutzerterminal basieren, wie z.B. Sprache, Browser-Typ, regionale Einstellungen, von wo aus der Service aufgerufen wird, usw.<\/li>\n<\/ol>\n\n<p>Die Webseite <a href=\"http:\/\/www.baumgarten-spain.com\/\" target=\"_new\" rel=\"noopener\">www.baumgarten-spain.com<\/a> verwendet die folgenden Cookies, die in der folgenden Tabelle aufgelistet sind:<\/p>\n\n<ul class=\"wp-block-list\">\n<li>Cookies unbedingt erforderlich f\u00fcr die Erbringung bestimmter vom Benutzer ausdr\u00fccklich angeforderter Dienste: Wenn diese Cookies deaktiviert werden, k\u00f6nnen Sie unsere Inhalte und Dienste nicht richtig erhalten.<\/li>\n\n\n\n<li>Analytische Cookies (zur Verfolgung und statistischen Analyse des Verhaltens aller Benutzer), Werbe-Cookies (zur Verwaltung von Werbefl\u00e4chen basierend auf Kriterien wie der H\u00e4ufigkeit, mit der Anzeigen angezeigt werden) und Verhaltenscookies (zur Verwaltung von Werbefl\u00e4chen entsprechend dem spezifischen Profil des Benutzers): Wenn diese Cookies deaktiviert werden, kann die Website weiterhin funktionieren, aber die von diesen Cookies erfassten Informationen \u00fcber die Nutzung unserer Website und den Erfolg der auf ihr angezeigten Anzeigen erm\u00f6glichen es uns, unsere Dienstleistungen zu verbessern und Einnahmen zu erzielen, die es uns erm\u00f6glichen, Ihnen viele Inhalte kostenlos anzubieten.<\/li>\n<\/ul>\n\n<figure class=\"wp-block-table\"><table><tbody><tr><td>COOKIES EIGENER HERSTELLUNG<\/td><\/tr><tr><td> \t\t\t<strong>Cookies<\/strong> \t\t<\/td><td>Ablaufdatum<\/td><td>Zweck<\/td><td>Domain<\/td><\/tr><tr><td> \t\t\twp-settings \t\t<\/td><td>48 Stunden<\/td><td>Speichern der Benutzereinstellungen.<\/td><td> \t\t\tbaumgarten-spain.com \t\t<\/td><\/tr><tr><td> \t\t\twp-settings-time \t\t<\/td><td>48 Stunden<\/td><td>Speichern Sie die Benutzeroberfl\u00e4cheneinstellungen<\/td><td> \t\t\tbaumgarten-spain.com \t\t<\/td><\/tr><tr><td> \t\t\tcatAccCookies \t\t<\/td><td>30 Tage<\/td><td>Registrieren der Zustimmung zur Cookie-Richtlinie<\/td><td> \t\t\tbaumgarten-spain.com \t\t<\/td><\/tr><\/tbody><\/table><\/figure>\n\n<figure class=\"wp-block-table\"><table><tbody><tr><td>COOKIES VON DRITTANBIETERN (die Informationen wurden von Dritten bereitgestellt)<\/td><\/tr><tr><td> \t\t\t<strong>Cookies<\/strong> \t\t<\/td><td>Ablaufdatum<\/td><td>Zweck<\/td><td>Domain<\/td><\/tr><tr><td> \t\t\t_ga \t\t<\/td><td>Zwei Jahre.<\/td><td>Analytik &#8211; Webanalyse von Google Analytics<\/td><td> \t\t\tbaumgarten-spain.com \t\t<\/td><\/tr><tr><td> \t\t\t_gat \t\t<\/td><td>10 Minuten<\/td><td>Statistik von Google Analytics<\/td><td> \t\t\tbaumgarten-spain.com \t\t<\/td><\/tr><\/tbody><\/table><\/figure>\n\n<p>Die \u00fcber diese Cookies gesammelten Informationen bez\u00fcglich des Benutzerger\u00e4ts k\u00f6nnen nur mit den pers\u00f6nlichen Daten des Benutzers kombiniert werden, wenn dieser auf dieser Website registriert ist.<\/p>\n\n<p>DEAKTIVIERUNG VON COOKIES<\/p>\n\n<p>Der Benutzer kann jederzeit entscheiden, welche Cookies auf dieser Website aktiv sein sollen, indem er:<\/p>\n\n<ul class=\"wp-block-list\">\n<li>die Browserkonfiguration, zum Beispiel:<\/li>\n<\/ul>\n\n<ul class=\"wp-block-list\">\n<li><strong>Chrome,<\/strong>\u00a0<a href=\"http:\/\/support.google.com\/chrome\/bin\/answer.py?hl=es&amp;answer=95647\" target=\"_blank\" rel=\"noreferrer noopener\">http:\/\/support.google.com\/chrome\/bin\/answer.py?hl=es&amp;answer=95647<\/a><\/li>\n\n\n\n<li><strong>Explorer<\/strong>, <a href=\"http:\/\/windows.microsoft.com\/es-es\/windows7\/how-to-manage-cookies-in-internet-explorer-9\">http:\/\/windows.microsoft.com\/es-es\/windows7\/how-to-manage-cookies-in-internet-explorer-9<\/a><\/li>\n\n\n\n<li><strong>Firefox<\/strong>, <a href=\"http:\/\/support.mozilla.org\/es\/kb\/habilitar-y-deshabilitar-cookies-que-los-sitios-we\">http:\/\/support.mozilla.org\/es\/kb\/habilitar-y-deshabilitar-cookies-que-los-sitios-we<\/a><\/li>\n\n\n\n<li><strong>Safari<\/strong>, <a href=\"http:\/\/support.apple.com\/kb\/ph5042\" target=\"_blank\" rel=\"noreferrer noopener\">http:\/\/support.apple.com\/kb\/ph5042<\/a><\/li>\n<\/ul>\n\n<p>Das CIB \u00fcbernimmt keine Verantwortung f\u00fcr den Inhalt und die Richtigkeit der Datenschutzrichtlinien Dritter, die in dieser Cookie-Richtlinie enthalten sind.<\/p>\n\n<p>Wenn Sie Fragen zu dieser Cookie-Richtlinie haben, k\u00f6nnen Sie uns per Post an unsere B\u00fcros in Terrassa (Barcelona), G\u00e9minis-Stra\u00dfe Nr. 54, 08228, oder per E-Mail an comercial@baumgarten-spain.com kontaktieren.<\/p>\n","protected":false},"excerpt":{"rendered":"<p>Eine Cookie ist eine Datei, die auf das Ger\u00e4t heruntergeladen wird, von dem aus Sie unsere Webseite besuchen (Computer\/Smartphone\/Tablet) und heruntergeladen wird, wenn Sie bestimmte Webseiten aufrufen, um Informationen \u00fcber die Navigation zu speichern und wiederherzustellen, die von diesem Ger\u00e4t aus durchgef\u00fchrt wird. Es gibt verschiedene Arten von &#8220;Cookies&#8221; Ebenso ist es m\u00f6glich, dass beim &hellip; <a href=\"https:\/\/www.baumgarten-spain.com\/de\/cookie-richtlinie\/\">Weiterlesen<\/a><\/p>\n","protected":false},"author":1,"featured_media":0,"parent":0,"menu_order":0,"comment_status":"closed","ping_status":"closed","template":"","meta":{"_monsterinsights_skip_tracking":false,"_monsterinsights_sitenote_active":false,"_monsterinsights_sitenote_note":"","_monsterinsights_sitenote_category":0,"_joinchat":[],"footnotes":""},"class_list":["post-1112","page","type-page","status-publish","hentry"],"yoast_head":"<!-- This site is optimized with the Yoast SEO plugin v27.4 - https:\/\/yoast.com\/product\/yoast-seo-wordpress\/ -->\n<title>Cookie-Richtlinie &#8211; Baumgarten Espa\u00f1a<\/title>\n<meta name=\"robots\" content=\"noindex, nofollow\" \/>\n<meta property=\"og:locale\" content=\"de_DE\" \/>\n<meta property=\"og:type\" content=\"article\" \/>\n<meta property=\"og:title\" content=\"Cookie-Richtlinie &#8211; Baumgarten Espa\u00f1a\" \/>\n<meta property=\"og:description\" content=\"Eine Cookie ist eine Datei, die auf das Ger\u00e4t heruntergeladen wird, von dem aus Sie unsere Webseite besuchen (Computer\/Smartphone\/Tablet) und heruntergeladen wird, wenn Sie bestimmte Webseiten aufrufen, um Informationen \u00fcber die Navigation zu speichern und wiederherzustellen, die von diesem Ger\u00e4t aus durchgef\u00fchrt wird. Es gibt verschiedene Arten von &#8220;Cookies&#8221; Ebenso ist es m\u00f6glich, dass beim &hellip; Weiterlesen\" \/>\n<meta property=\"og:url\" content=\"https:\/\/www.baumgarten-spain.com\/de\/cookie-richtlinie\/\" \/>\n<meta property=\"og:site_name\" content=\"Baumgarten Espa\u00f1a\" \/>\n<meta property=\"article:modified_time\" content=\"2023-04-24T15:08:22+00:00\" \/>\n<meta name=\"twitter:card\" content=\"summary_large_image\" \/>\n<meta name=\"twitter:label1\" content=\"Gesch\u00e4tzte Lesezeit\" \/>\n\t<meta name=\"twitter:data1\" content=\"5\u00a0Minuten\" \/>\n<!-- \/ Yoast SEO plugin. -->","yoast_head_json":{"title":"Cookie-Richtlinie &#8211; Baumgarten Espa\u00f1a","robots":{"index":"noindex","follow":"nofollow"},"og_locale":"de_DE","og_type":"article","og_title":"Cookie-Richtlinie &#8211; Baumgarten Espa\u00f1a","og_description":"Eine Cookie ist eine Datei, die auf das Ger\u00e4t heruntergeladen wird, von dem aus Sie unsere Webseite besuchen (Computer\/Smartphone\/Tablet) und heruntergeladen wird, wenn Sie bestimmte Webseiten aufrufen, um Informationen \u00fcber die Navigation zu speichern und wiederherzustellen, die von diesem Ger\u00e4t aus durchgef\u00fchrt wird. Es gibt verschiedene Arten von &#8220;Cookies&#8221; Ebenso ist es m\u00f6glich, dass beim &hellip; Weiterlesen","og_url":"https:\/\/www.baumgarten-spain.com\/de\/cookie-richtlinie\/","og_site_name":"Baumgarten Espa\u00f1a","article_modified_time":"2023-04-24T15:08:22+00:00","twitter_card":"summary_large_image","twitter_misc":{"Gesch\u00e4tzte Lesezeit":"5\u00a0Minuten"},"schema":{"@context":"https:\/\/schema.org","@graph":[{"@type":"WebPage","@id":"https:\/\/www.baumgarten-spain.com\/de\/cookie-richtlinie\/","url":"https:\/\/www.baumgarten-spain.com\/de\/cookie-richtlinie\/","name":"Cookie-Richtlinie &#8211; Baumgarten Espa\u00f1a","isPartOf":{"@id":"https:\/\/www.baumgarten-spain.com\/#website"},"datePublished":"2023-04-24T15:08:21+00:00","dateModified":"2023-04-24T15:08:22+00:00","breadcrumb":{"@id":"https:\/\/www.baumgarten-spain.com\/de\/cookie-richtlinie\/#breadcrumb"},"inLanguage":"de","potentialAction":[{"@type":"ReadAction","target":["https:\/\/www.baumgarten-spain.com\/de\/cookie-richtlinie\/"]}]},{"@type":"BreadcrumbList","@id":"https:\/\/www.baumgarten-spain.com\/de\/cookie-richtlinie\/#breadcrumb","itemListElement":[{"@type":"ListItem","position":1,"name":"Portada","item":"https:\/\/www.baumgarten-spain.com\/de\/"},{"@type":"ListItem","position":2,"name":"Cookie-Richtlinie"}]},{"@type":"WebSite","@id":"https:\/\/www.baumgarten-spain.com\/#website","url":"https:\/\/www.baumgarten-spain.com\/","name":"Baumgarten Espa\u00f1a","description":"","publisher":{"@id":"https:\/\/www.baumgarten-spain.com\/#organization"},"potentialAction":[{"@type":"SearchAction","target":{"@type":"EntryPoint","urlTemplate":"https:\/\/www.baumgarten-spain.com\/?s={search_term_string}"},"query-input":{"@type":"PropertyValueSpecification","valueRequired":true,"valueName":"search_term_string"}}],"inLanguage":"de"},{"@type":"Organization","@id":"https:\/\/www.baumgarten-spain.com\/#organization","name":"Baumgarten Espa\u00f1a SL","url":"https:\/\/www.baumgarten-spain.com\/","logo":{"@type":"ImageObject","inLanguage":"de","@id":"https:\/\/www.baumgarten-spain.com\/#\/schema\/logo\/image\/","url":"https:\/\/www.baumgarten-spain.com\/wp-content\/uploads\/2023\/03\/logo.png","contentUrl":"https:\/\/www.baumgarten-spain.com\/wp-content\/uploads\/2023\/03\/logo.png","width":23,"height":32,"caption":"Baumgarten Espa\u00f1a SL"},"image":{"@id":"https:\/\/www.baumgarten-spain.com\/#\/schema\/logo\/image\/"}}]}},"_links":{"self":[{"href":"https:\/\/www.baumgarten-spain.com\/de\/wp-json\/wp\/v2\/pages\/1112","targetHints":{"allow":["GET"]}}],"collection":[{"href":"https:\/\/www.baumgarten-spain.com\/de\/wp-json\/wp\/v2\/pages"}],"about":[{"href":"https:\/\/www.baumgarten-spain.com\/de\/wp-json\/wp\/v2\/types\/page"}],"author":[{"embeddable":true,"href":"https:\/\/www.baumgarten-spain.com\/de\/wp-json\/wp\/v2\/users\/1"}],"replies":[{"embeddable":true,"href":"https:\/\/www.baumgarten-spain.com\/de\/wp-json\/wp\/v2\/comments?post=1112"}],"version-history":[{"count":1,"href":"https:\/\/www.baumgarten-spain.com\/de\/wp-json\/wp\/v2\/pages\/1112\/revisions"}],"predecessor-version":[{"id":1113,"href":"https:\/\/www.baumgarten-spain.com\/de\/wp-json\/wp\/v2\/pages\/1112\/revisions\/1113"}],"wp:attachment":[{"href":"https:\/\/www.baumgarten-spain.com\/de\/wp-json\/wp\/v2\/media?parent=1112"}],"curies":[{"name":"wp","href":"https:\/\/api.w.org\/{rel}","templated":true}]}}