{"id":1086,"date":"2023-04-17T10:31:57","date_gmt":"2023-04-17T09:31:57","guid":{"rendered":"https:\/\/www.baumgarten-spain.com\/?page_id=1086"},"modified":"2023-04-17T10:31:59","modified_gmt":"2023-04-17T09:31:59","slug":"impressum","status":"publish","type":"page","link":"https:\/\/www.baumgarten-spain.com\/de\/impressum\/","title":{"rendered":"Impressum"},"content":{"rendered":"\n<p>Name oder Firma: BAUMGARTEN ESPA\u00d1A, S.L.<\/p>\n\n\n\n<p>Steuernummer: B08337545<\/p>\n\n\n\n<p>Handelsregistereintrag: Handelsregister Barcelona, Band 28.823, Blatt 58, Seite B-66.090<\/p>\n\n\n\n<p>Firmensitz: Calle Geminis, Nr. 54, 08228, Terrassa (Barcelona)<\/p>\n\n\n\n<p>Telefon: 93.784.71.81<\/p>\n\n\n\n<p>Fax: 93.784.87.33<\/p>\n\n\n\n<p>E-Mail: <a href=\"mailto:comercial@baumgarten-spain.com\">comercial@baumgarten-spain.com<\/a><\/p>\n\n\n\n<p>Webseite: <a href=\"http:\/\/www.baumgarten-spain.com\/\">www.baumgarten-spain.com<\/a><\/p>\n\n\n\n<p>Die Nutzung der Webseite unterliegt den in diesem Impressum festgelegten Regeln sowie den Bestimmungen der Datenschutzrichtlinie, die ebenfalls auf dieser Webseite ver\u00f6ffentlicht und enthalten sind. Die Nutzung der Webseite bedeutet ausdr\u00fccklich, dass Sie diese Bedingungen akzeptieren. Sie k\u00f6nnen BAUMGARTEN ESPA\u00d1A, S.L. \u00fcber die oben genannte Postadresse oder die oben genannte E-Mail-Adresse kontaktieren.<\/p>\n\n\n\n<p><\/p>\n\n\n\n<p><strong>ZWECK <\/strong><\/p>\n\n\n\n<p>Diese Webseite wurde erstellt und gestaltet, um allen Internetnutzern den Zugang zu Informationen, Aktivit\u00e4ten, Produkten und verschiedenen Dienstleistungen, eigene oder Dritte, die von diesem Unternehmen angeboten werden, zu erm\u00f6glichen.<\/p>\n\n\n\n<p>Die Anbieter, die f\u00fcr die Webseite verantwortlich sind, stellen den Nutzern dieses Dokuments zur Verf\u00fcgung, um die Pflichten gem\u00e4\u00df der Europ\u00e4ischen Verordnung \u00fcber Datenschutz und elektronische Kommunikation, auch bekannt als &#8220;ePrivacy-Verordnung&#8221;, sowie dem fr\u00fcheren Gesetz 34\/2002 \u00fcber Dienste der Informationsgesellschaft und den elektronischen Gesch\u00e4ftsverkehr (LSSI-CE) zu erf\u00fcllen und alle Nutzer der Webseite \u00fcber die Nutzungsbedingungen der Webseite zu informieren.<\/p>\n\n\n\n<p>Jede Person, die auf diese Webseite zugreift, \u00fcbernimmt die Rolle des Benutzers und verpflichtet sich, die hier festgelegten Bestimmungen sowie alle anderen anwendbaren Rechtsvorschriften strikt einzuhalten und zu erf\u00fcllen.<\/p>\n\n\n\n<p>Die Anbieter behalten sich das Recht vor, jede Art von Informationen, die auf der Webseite erscheinen k\u00f6nnte, zu \u00e4ndern, ohne verpflichtet zu sein, diese Verpflichtungen den Nutzern mitzuteilen oder bekannt zu machen, wobei die Ver\u00f6ffentlichung auf der Webseite als ausreichend angesehen wird.<\/p>\n\n\n\n<p><\/p>\n\n\n\n<p><strong>ZUGANG ZUR WEBSEITE <\/strong><\/p>\n\n\n\n<p>Der Benutzer kann kostenlos und frei auf die Webseite zugreifen, mit Ausnahme der Kosten f\u00fcr die Verbindung \u00fcber das von ihm selbst beauftragte Internetzugangsnetzwerk (ISP).<\/p>\n\n\n\n<p>Der Besuch dieser Webseite bedeutet nicht, dass der Benutzer verpflichtet ist, irgendwelche Informationen \u00fcber sich selbst bereitzustellen.<\/p>\n\n\n\n<p><\/p>\n\n\n\n<p><strong>NUTZUNG DER WEBSITE <\/strong><\/p>\n\n\n\n<p>Die Nutzung der Website durch jede Person gibt ihr den Status eines Benutzers, der akzeptiert, dass die Nutzung ausschlie\u00dflich in ihrer Verantwortung liegt.<\/p>\n\n\n\n<p>Der Benutzer verpflichtet sich, die von BAUMGARTEN ESPA\u00d1A, S.L. zur Verf\u00fcgung gestellten Informationen, Aktivit\u00e4ten, Produkte oder Dienstleistungen nicht f\u00fcr Aktivit\u00e4ten zu nutzen, die gegen Gesetze, Moral oder \u00f6ffentliche Ordnung versto\u00dfen, und insgesamt f\u00fcr eine Nutzung gem\u00e4\u00df den vorliegenden Allgemeinen Gesch\u00e4ftsbedingungen.<\/p>\n\n\n\n<p>Der Benutzer verzichtet darauf, Inhalte auf andere Weise oder auf andere Weise als den jeweils zur Verf\u00fcgung gestellten oder f\u00fcr diesen Zweck angegebenen Methoden zu erhalten oder zu versuchen, sie zu erhalten.<\/p>\n\n\n\n<p><\/p>\n\n\n\n<p><strong>VERANTWORTUNG <\/strong><\/p>\n\n\n\n<p>Die Anbieter sind von jeglicher Haftung befreit, die sich aus den auf ihrer Website ver\u00f6ffentlichten Informationen ergibt, sofern diese Informationen von einer Drittpartei manipuliert oder eingef\u00fchrt wurden.<\/p>\n\n\n\n<p>Die Website der Anbieter kann Cookies (kleine Informationsdateien, die der Server an den Computer desjenigen sendet, der auf die Seite zugreift) verwenden, um bestimmte Funktionen auszuf\u00fchren, die als unerl\u00e4sslich f\u00fcr die ordnungsgem\u00e4\u00dfe Funktion und Anzeige der Website angesehen werden. Die auf der Website verwendeten Cookies haben in jedem Fall einen vor\u00fcbergehenden Charakter mit dem einzigen Ziel, ihre sp\u00e4tere \u00dcbertragung effektiver zu gestalten, und verschwinden, wenn die Benutzersitzung endet. Cookies werden keinesfalls verwendet, um personenbezogene Daten zu sammeln.<\/p>\n\n\n\n<p>Vom Kunden-Website aus ist es m\u00f6glich, auf Inhalte von Websites Dritter umzuleiten. Da der Anbieter die von Dritten in ihre Websites eingef\u00fchrten Inhalte nicht immer kontrollieren kann, \u00fcbernimmt er keine Verantwortung f\u00fcr diese Inhalte. In jedem Fall erkl\u00e4rt der Anbieter, dass er sofort jeden Inhalt entfernen wird, der gegen nationale oder internationale Gesetze, Moral oder \u00f6ffentliche Ordnung verst\u00f6\u00dft, und die sofortige Entfernung der Weiterleitung zu dieser Website bekannt geben wird und den zust\u00e4ndigen Beh\u00f6rden den betreffenden Inhalt melden wird.<\/p>\n\n\n\n<p>Die Anbieter haften nicht f\u00fcr die auf ihren Websites gespeicherten Informationen und Inhalte, die auf Forums, Chats, Bloggeneratoren, Kommentaren, sozialen Netzwerken oder jedem anderen Medium gespeichert sind, das es Dritten erm\u00f6glicht, Inhalte unabh\u00e4ngig auf der Website des Anbieters zu ver\u00f6ffentlichen. Unbeschadet dessen und in Erf\u00fcllung der geltenden Bestimmungen stellt der Anbieter sich allen Benutzern, Beh\u00f6rden und Sicherheitskr\u00e4ften zur Verf\u00fcgung und arbeitet aktiv an der Entfernung oder gegebenenfalls Blockierung aller Inhalte mit, die nationale oder internationale Gesetze, Rechte Dritter oder Moral und \u00f6ffentliche Ordnung beeintr\u00e4chtigen oder versto\u00dfen k\u00f6nnten. Falls der Benutzer der Ansicht ist, dass auf der Website Inhalte vorhanden sind, die f\u00fcr diese Klassifizierung anf\u00e4llig sein k\u00f6nnten, wird der Administrator der Website gebeten, ihn unverz\u00fcglich dar\u00fcber zu informieren.<\/p>\n\n\n\n<p>Diese Website wurde \u00fcberpr\u00fcft und get angeboten von BAUMGARTEN ESPA\u00d1A, S.L., es sei denn, der Benutzer gibt seine ausdr\u00fcckliche Zustimmung dazu.<\/p>\n\n\n\n<p>BAUMGARTEN ESPA\u00d1A, S.L. garantiert die Einhaltung der geltenden Vorschriften zum Schutz personenbezogener Daten und informiert den Benutzer dar\u00fcber, dass er jederzeit seine Rechte auf Auskunft, Berichtigung, L\u00f6schung und Widerspruch gem\u00e4\u00df den Bestimmungen des RGPD aus\u00fcben kann. Der Benutzer kann seine Rechte schriftlich an die im Impressum angegebene Adresse oder per E-Mail an <a href=\"mailto:info@baumgarten.es\">info@baumgarten.es<\/a> aus\u00fcben.<\/p>\n\n\n\n<p>Diese Website und alle darin enthaltenen Inhalte, einschlie\u00dflich Texte, Bilder, Sound, Animationen, etc. sind Eigentum von BAUMGARTEN ESPA\u00d1A, S.L. oder Dritten, die ihre Verwendung autorisiert haben. Jede Art von Nutzung oder Reproduktion dieser Inhalte ohne vorherige schriftliche Genehmigung durch BAUMGARTEN ESPA\u00d1A, S.L. oder den Inhaber der entsprechenden Rechte ist ausdr\u00fccklich untersagt.<\/p>\n\n\n\n<p>BAUMGARTEN ESPA\u00d1A, S.L. beh\u00e4lt sich das Recht vor, die vorliegenden Bedingungen jederzeit und ohne vorherige Ank\u00fcndigung zu \u00e4ndern, indem sie die \u00c4nderungen auf dieser Website ver\u00f6ffentlicht. Der Benutzer ist verpflichtet, die Bedingungen regelm\u00e4\u00dfig zu \u00fcberpr\u00fcfen, um \u00fcber etwaige \u00c4nderungen informiert zu sein.<\/p>\n\n\n\n<p>Die Nutzung dieser Website und der darin enthaltenen Informationen unterliegt den spanischen Gesetzen. Jede Streitigkeit im Zusammenhang mit der Nutzung dieser Website wird den Gerichten und Tribunale von Madrid unterliegen, es sei denn, es besteht eine andere Zust\u00e4ndigkeit nach geltendem Recht.<\/p>\n\n\n\n<p>Diese Bedingungen sind in spanischer Sprache verfasst. Sollten sie in eine andere Sprache \u00fcbersetzt werden, ist im Falle von Unstimmigkeiten die spanische Version ma\u00dfgeblich.<\/p>\n\n\n\n<p>BAUMGARTEN ESPA\u00d1A, S.L. teilt ausdr\u00fccklich mit, dass alle notwendigen technischen und organisatorischen Ma\u00dfnahmen ergriffen wurden, um die Sicherheit und Integrit\u00e4t der Daten zu gew\u00e4hrleisten sowie deren Ver\u00e4nderung, Verlust, Behandlung oder unbefugten Zugriff zu verhindern.<\/p>\n\n\n\n<p>Die auf der Website angeforderten Daten sind obligatorisch. Die Verweigerung der angeforderten Daten f\u00fchrt zur Nichtbereitstellung oder zur Unm\u00f6glichkeit des Zugangs zum angeforderten Dienst, da diese Partei ihren gesetzlichen Verpflichtungen aus den aktuellen Vorschriften zum Schutz personenbezogener Daten nicht nachkommt, wenn Sie diese Daten nicht bereitstellen und auch Ihre ausdr\u00fcckliche Zustimmung zur Verarbeitung nicht geben.<\/p>\n\n\n\n<p>Der Zugang zu dieser Website kann die Verwendung von Cookies erfordern. Bitte beachten Sie unsere Cookie-Richtlinie, die Sie ebenfalls auf unserer Website finden.<\/p>\n\n\n\n<p><\/p>\n\n\n\n<p><strong>VERWENDUNG VON COOKIES UND AKTIVIT\u00c4TSFILER <\/strong><\/p>\n\n\n\n<p>Der Anbieter selbst oder ein von ihm beauftragter Dritter zur Erbringung von Messdienstleistungen kann Cookies verwenden, wenn ein Benutzer auf der Website navigiert. Cookies sind Dateien, die vom Server an den Browser gesendet werden, um die Aktivit\u00e4ten des Benutzers w\u00e4hrend seiner Navigationszeit zu registrieren.<\/p>\n\n\n\n<p>Die auf der Website verwendeten Cookies sind ausschlie\u00dflich mit einem anonymen Benutzer und seinem Computer verbunden und geben keine personenbezogenen Daten des Benutzers von sich aus preis.<\/p>\n\n\n\n<p>Durch die Verwendung von Cookies ist es dem Server, auf dem sich die Website befindet, m\u00f6glich, den vom Benutzer verwendeten Webbrowser zu erkennen, um die Navigation einfacher zu gestalten, z. B. den Zugang zu den Bereichen, Diensten, Werbeaktionen oder Wettbewerben, die ausschlie\u00dflich f\u00fcr registrierte Benutzer reserviert sind, ohne sich bei jedem Besuch registrieren zu m\u00fcssen. Sie werden auch verwendet, um die Zielgruppe und Verkehrsparameter zu messen, den Fortschritt und die Anzahl der Eintr\u00e4ge zu kontrollieren.<\/p>\n\n\n\n<p>Der Benutzer hat die M\u00f6glichkeit, seinen Browser so zu konfigurieren, dass er benachrichtigt wird, wenn Cookies empfangen werden, und dass deren Installation auf seinem Computer verhindert wird. Bitte beachten Sie die Anweisungen und Handb\u00fccher Ihres Browsers, um diese Informationen zu erweitern.<\/p>\n\n\n\n<p>Um die Website zu nutzen, ist es nicht erforderlich, dass der Benutzer die vom Website gesendeten Cookies oder dem Dritten, der in seinem Namen handelt, installiert, wobei es jedoch erforderlich sein kann, dass der Benutzer sich bei jedem Dienst, dessen Bereitstellung eine vorherige Registrierung oder &#8220;Login&#8221; erfordert, als solcher anmeldet.<\/p>\n\n\n\n<p>Die auf dieser Website verwendeten Cookies sind in jedem Fall vor\u00fcbergehender Natur und dienen nur dazu, ihre sp\u00e4tere \u00dcbertragung effektiver zu gestalten. Cookies werden niemals verwendet, um personenbezogene Daten zu sammeln.<\/p>\n\n\n\n<p><\/p>\n\n\n\n<p><strong>IP-ADRESSEN <\/strong><\/p>\n\n\n\n<p>Die Server der Website k\u00f6nnen automatisch die IP-Adresse und den Dom\u00e4nennamen erfassen, die vom Benutzer verwendet werden. Eine IP-Adresse ist eine automatisch zugewiesene Nummer f\u00fcr einen Computer, wenn er sich mit dem Internet verbindet. Alle diese Informationen werden in einer ordnungsgem\u00e4\u00df registrierten Serveraktivit\u00e4tsdatei erfasst, die eine sp\u00e4tere Verarbeitung der Daten erm\u00f6glicht, um nur statistische Messungen zu erhalten, die die Anzahl der Seitenaufrufe, die Anzahl der auf den Webdiensten durchgef\u00fchrten Besuche, die Reihenfolge der Besuche, den Zugangspunkt usw. anzeigen.<\/p>\n\n\n\n<p><\/p>\n\n\n\n<p><strong>SICHERHEIT <\/strong><\/p>\n\n\n\n<p>Die Website verwendet branchen\u00fcbliche Informationssicherheitstechniken wie Firewalls, Zugangskontrollverfahren und kryptografische Mechanismen, um unbefugten Zugriff auf Daten zu verhindern. Zu diesem Zweck stimmt der Benutzer\/Kunde zu, dass der Anbieter Daten zur Authentifizierung der Zugangskontrollen erh\u00e4lt.<\/p>\n\n\n\n<p>Jeder Prozess, der die Einf\u00fchrung von hochsensiblen personenbezogenen Daten (Gesundheit, Ideologie usw.) beinhaltet, wird immer \u00fcber eine sichere Kommunikationsprotokoll (Https:\/\/,&#8230;) \u00fcbertragen, so dass kein Dritter Zugang zu den elektronisch \u00fcbermittelten Informationen hat.<\/p>\n\n\n\n<p><\/p>\n\n\n\n<p><strong>GEISTIGES UND INDUSTRIELLES EIGENTUM <\/strong><\/p>\n\n\n\n<p>Die Website, einschlie\u00dflich ihrer Programmierung, Bearbeitung, Zusammenstellung und anderer f\u00fcr ihren Betrieb erforderlicher Elemente, sowie Designs, Logos, Texte und\/oder Grafiken sind Eigentum des Anbieters oder verf\u00fcgen in diesem Fall \u00fcber eine ausdr\u00fcckliche Lizenz oder Genehmigung durch die Autoren. Alle Inhalte der Website sind ordnungsgem\u00e4\u00df durch das Urheberrecht und das gewerbliche Eigentum gesch\u00fctzt und in den entsprechenden \u00f6ffentlichen Registern eingetragen.<\/p>\n\n\n\n<p>Unabh\u00e4ngig von ihrem Zweck erfordert die vollst\u00e4ndige oder teilweise Vervielf\u00e4ltigung, Nutzung, Nutzung, Verteilung und Vermarktung immer die vorherige schriftliche Genehmigung durch den Anbieter. Jede nicht vorher autorisierte Nutzung durch den Anbieter wird als schwerwiegender Versto\u00df gegen die Urheberrechte oder das gewerbliche Eigentum des Autors betrachtet.<\/p>\n\n\n\n<p>Die Designs, Logos, Texte und\/oder Grafiken, die dem Anbieter fremd sind und auf der Website erscheinen k\u00f6nnen, geh\u00f6ren ihren jeweiligen Eigent\u00fcmern, die selbst f\u00fcr eventuelle Kontroversen verantwortlich sind, die sich daraus ergeben k\u00f6nnen. In jedem Fall haben die Anbieter eine ausdr\u00fcckliche und vorherige Genehmigung von ihnen.<\/p>\n\n\n\n<p>Die Anbieter erkennen zugunsten ihrer Eigent\u00fcmer die entsprechenden gewerblichen Schutzrechte und geistigen Eigentumsrechte an, wobei ihre blo\u00dfe Erw\u00e4hnung oder Erscheinung auf der Website weder das Bestehen von Rechten oder Verantwortlichkeiten der Anbieter noch deren Unterst\u00fctzung, Sponsoring oder Empfehlung bedeutet.<\/p>\n\n\n\n<p>Um etwaige Verst\u00f6\u00dfe gegen geistige oder gewerbliche Schutzrechte sowie \u00fcber Inhalte der Website festzustellen, k\u00f6nnen Sie dies \u00fcber die E-Mail-Adressen tun, die im Kopf dieses Dokuments angegeben sind.<\/p>\n\n\n\n<p><\/p>\n\n\n\n<p><strong>LEYES UND GERICHTSBARKEIT<\/strong><\/p>\n\n\n\n<p>F\u00fcr die L\u00f6sung aller Streitigkeiten oder Fragen im Zusammenhang mit dieser Website oder den darin durchgef\u00fchrten Aktivit\u00e4ten gilt das spanische Recht, dem sich die Parteien ausdr\u00fccklich unterwerfen. F\u00fcr die L\u00f6sung aller aus oder in Verbindung mit der Nutzung der Website resultierenden Konflikte sind ausschlie\u00dflich die Gerichte von TERRASSA zust\u00e4ndig, je nach dem gew\u00e4hlten Standort des Dienstleisters.<\/p>\n","protected":false},"excerpt":{"rendered":"<p>Name oder Firma: BAUMGARTEN ESPA\u00d1A, S.L. Steuernummer: B08337545 Handelsregistereintrag: Handelsregister Barcelona, Band 28.823, Blatt 58, Seite B-66.090 Firmensitz: Calle Geminis, Nr. 54, 08228, Terrassa (Barcelona) Telefon: 93.784.71.81 Fax: 93.784.87.33 E-Mail: comercial@baumgarten-spain.com Webseite: www.baumgarten-spain.com Die Nutzung der Webseite unterliegt den in diesem Impressum festgelegten Regeln sowie den Bestimmungen der Datenschutzrichtlinie, die ebenfalls auf dieser Webseite ver\u00f6ffentlicht &hellip; <a href=\"https:\/\/www.baumgarten-spain.com\/de\/impressum\/\">Weiterlesen<\/a><\/p>\n","protected":false},"author":3,"featured_media":0,"parent":0,"menu_order":0,"comment_status":"closed","ping_status":"closed","template":"","meta":{"_monsterinsights_skip_tracking":false,"_monsterinsights_sitenote_active":false,"_monsterinsights_sitenote_note":"","_monsterinsights_sitenote_category":0,"_joinchat":[],"footnotes":""},"class_list":["post-1086","page","type-page","status-publish","hentry"],"yoast_head":"<!-- This site is optimized with the Yoast SEO plugin v27.4 - https:\/\/yoast.com\/product\/yoast-seo-wordpress\/ -->\n<title>Impressum &#8211; Baumgarten Espa\u00f1a<\/title>\n<meta name=\"robots\" content=\"noindex, follow\" \/>\n<meta property=\"og:locale\" content=\"de_DE\" \/>\n<meta property=\"og:type\" content=\"article\" \/>\n<meta property=\"og:title\" content=\"Impressum &#8211; Baumgarten Espa\u00f1a\" \/>\n<meta property=\"og:description\" content=\"Name oder Firma: BAUMGARTEN ESPA\u00d1A, S.L. Steuernummer: B08337545 Handelsregistereintrag: Handelsregister Barcelona, Band 28.823, Blatt 58, Seite B-66.090 Firmensitz: Calle Geminis, Nr. 54, 08228, Terrassa (Barcelona) Telefon: 93.784.71.81 Fax: 93.784.87.33 E-Mail: comercial@baumgarten-spain.com Webseite: www.baumgarten-spain.com Die Nutzung der Webseite unterliegt den in diesem Impressum festgelegten Regeln sowie den Bestimmungen der Datenschutzrichtlinie, die ebenfalls auf dieser Webseite ver\u00f6ffentlicht &hellip; Weiterlesen\" \/>\n<meta property=\"og:url\" content=\"https:\/\/www.baumgarten-spain.com\/de\/impressum\/\" \/>\n<meta property=\"og:site_name\" content=\"Baumgarten Espa\u00f1a\" \/>\n<meta property=\"article:modified_time\" content=\"2023-04-17T09:31:59+00:00\" \/>\n<meta name=\"twitter:card\" content=\"summary_large_image\" \/>\n<meta name=\"twitter:label1\" content=\"Gesch\u00e4tzte Lesezeit\" \/>\n\t<meta name=\"twitter:data1\" content=\"8\u00a0Minuten\" \/>\n<!-- \/ Yoast SEO plugin. -->","yoast_head_json":{"title":"Impressum &#8211; Baumgarten Espa\u00f1a","robots":{"index":"noindex","follow":"follow"},"og_locale":"de_DE","og_type":"article","og_title":"Impressum &#8211; Baumgarten Espa\u00f1a","og_description":"Name oder Firma: BAUMGARTEN ESPA\u00d1A, S.L. Steuernummer: B08337545 Handelsregistereintrag: Handelsregister Barcelona, Band 28.823, Blatt 58, Seite B-66.090 Firmensitz: Calle Geminis, Nr. 54, 08228, Terrassa (Barcelona) Telefon: 93.784.71.81 Fax: 93.784.87.33 E-Mail: comercial@baumgarten-spain.com Webseite: www.baumgarten-spain.com Die Nutzung der Webseite unterliegt den in diesem Impressum festgelegten Regeln sowie den Bestimmungen der Datenschutzrichtlinie, die ebenfalls auf dieser Webseite ver\u00f6ffentlicht &hellip; Weiterlesen","og_url":"https:\/\/www.baumgarten-spain.com\/de\/impressum\/","og_site_name":"Baumgarten Espa\u00f1a","article_modified_time":"2023-04-17T09:31:59+00:00","twitter_card":"summary_large_image","twitter_misc":{"Gesch\u00e4tzte Lesezeit":"8\u00a0Minuten"},"schema":{"@context":"https:\/\/schema.org","@graph":[{"@type":"WebPage","@id":"https:\/\/www.baumgarten-spain.com\/de\/impressum\/","url":"https:\/\/www.baumgarten-spain.com\/de\/impressum\/","name":"Impressum &#8211; Baumgarten Espa\u00f1a","isPartOf":{"@id":"https:\/\/www.baumgarten-spain.com\/#website"},"datePublished":"2023-04-17T09:31:57+00:00","dateModified":"2023-04-17T09:31:59+00:00","breadcrumb":{"@id":"https:\/\/www.baumgarten-spain.com\/de\/impressum\/#breadcrumb"},"inLanguage":"de","potentialAction":[{"@type":"ReadAction","target":["https:\/\/www.baumgarten-spain.com\/de\/impressum\/"]}]},{"@type":"BreadcrumbList","@id":"https:\/\/www.baumgarten-spain.com\/de\/impressum\/#breadcrumb","itemListElement":[{"@type":"ListItem","position":1,"name":"Portada","item":"https:\/\/www.baumgarten-spain.com\/de\/"},{"@type":"ListItem","position":2,"name":"Impressum"}]},{"@type":"WebSite","@id":"https:\/\/www.baumgarten-spain.com\/#website","url":"https:\/\/www.baumgarten-spain.com\/","name":"Baumgarten Espa\u00f1a","description":"","publisher":{"@id":"https:\/\/www.baumgarten-spain.com\/#organization"},"potentialAction":[{"@type":"SearchAction","target":{"@type":"EntryPoint","urlTemplate":"https:\/\/www.baumgarten-spain.com\/?s={search_term_string}"},"query-input":{"@type":"PropertyValueSpecification","valueRequired":true,"valueName":"search_term_string"}}],"inLanguage":"de"},{"@type":"Organization","@id":"https:\/\/www.baumgarten-spain.com\/#organization","name":"Baumgarten Espa\u00f1a SL","url":"https:\/\/www.baumgarten-spain.com\/","logo":{"@type":"ImageObject","inLanguage":"de","@id":"https:\/\/www.baumgarten-spain.com\/#\/schema\/logo\/image\/","url":"https:\/\/www.baumgarten-spain.com\/wp-content\/uploads\/2023\/03\/logo.png","contentUrl":"https:\/\/www.baumgarten-spain.com\/wp-content\/uploads\/2023\/03\/logo.png","width":23,"height":32,"caption":"Baumgarten Espa\u00f1a SL"},"image":{"@id":"https:\/\/www.baumgarten-spain.com\/#\/schema\/logo\/image\/"}}]}},"_links":{"self":[{"href":"https:\/\/www.baumgarten-spain.com\/de\/wp-json\/wp\/v2\/pages\/1086","targetHints":{"allow":["GET"]}}],"collection":[{"href":"https:\/\/www.baumgarten-spain.com\/de\/wp-json\/wp\/v2\/pages"}],"about":[{"href":"https:\/\/www.baumgarten-spain.com\/de\/wp-json\/wp\/v2\/types\/page"}],"author":[{"embeddable":true,"href":"https:\/\/www.baumgarten-spain.com\/de\/wp-json\/wp\/v2\/users\/3"}],"replies":[{"embeddable":true,"href":"https:\/\/www.baumgarten-spain.com\/de\/wp-json\/wp\/v2\/comments?post=1086"}],"version-history":[{"count":1,"href":"https:\/\/www.baumgarten-spain.com\/de\/wp-json\/wp\/v2\/pages\/1086\/revisions"}],"predecessor-version":[{"id":1087,"href":"https:\/\/www.baumgarten-spain.com\/de\/wp-json\/wp\/v2\/pages\/1086\/revisions\/1087"}],"wp:attachment":[{"href":"https:\/\/www.baumgarten-spain.com\/de\/wp-json\/wp\/v2\/media?parent=1086"}],"curies":[{"name":"wp","href":"https:\/\/api.w.org\/{rel}","templated":true}]}}